{"id":18145,"date":"2024-05-02T21:16:12","date_gmt":"2024-05-02T19:16:12","guid":{"rendered":"https:\/\/www.ibc-hochdruck.de\/produkt\/ibc-350-500-bar-gasoline-high-pressure-cleaner"},"modified":"2025-07-21T15:48:18","modified_gmt":"2025-07-21T13:48:18","slug":"ibc-350-500-bar-gasoline-high-pressure-cleaner","status":"publish","type":"product","link":"https:\/\/www.ibc-hochdruck.de\/en\/produkt\/ibc-350-500-bar-gasoline-high-pressure-cleaner","title":{"rendered":"IBC 350\/500 bar gasoline high-pressure cleaner"},"content":{"rendered":"<p><strong>Performance data<br \/>\n<\/strong>&#8211; Engine: Honda GX630 \/ Vanguard 23 HP<br \/>\n&#8211; Working pressure: 350 bar \/ 500 bar<br \/>\n&#8211; Maximum flow rate: 18 l\/min | 1015 l\/h<br \/>\n&#8211; Max. Inlet temperature: 60 \u00b0C<br \/>\n&#8211; Water tank capacity: 1000 l<br \/>\n&#8211; Engine type 4-stroke, OHV, 2-cylinder<br \/>\n&#8211; Electric start<br \/>\n&#8211; Fuel: petrol<br \/>\n&#8211; Net power 15.5 kW (21.1 hp) 3600 rpm <\/p>\n<p><strong>Noise emission<\/strong><br \/>\n&#8211; Sound pressure level: 88.6 dB(A)<br \/>\n&#8211; Sound power level: 103 dB(A)<\/p>\n<p><b>Scope of delivery<br \/>\n<\/b>&#8211; High-pressure gun with quick-change system<br \/>\n&#8211; Curved lance with dirt cutter<br \/>\n&#8211; Curved lance with flat jet nozzle<br \/>\n&#8211; Hose reel with 20 m reinforced<br \/>\nhigh-pressure hose<br \/>\n&#8211; IBC tank with UV protection<br \/>\n&#8211; 20 l fuel canister with tank nozzle<br \/>\n&#8211; Hot-dip galvanized base frame<br \/>\n(can also be painted in individual<br \/>\nRAL color on request)<\/p>\n<p><b>Dimensions and weights<\/b><br \/>\n&#8211; L x W x H: 1850 x 1040 x 1500 mm<br \/>\n&#8211; Transport weight approx. 300 kg<br \/>\n&#8211; Operating weight approx. 1350 kg<\/p>\n","protected":false},"excerpt":{"rendered":"<p class=\"p1\"><span class=\"s1\">350 OR 500 BAR FOR EVEN MORE POWER!<\/span><\/p>\n<p class=\"p1\">The clean solution for even more applications &#8211; where others reach their limits. Our IBC high-pressure cleaner with 350 or 500 bar is used wherever high pressure is required. Whether for industrial cleaning, for construction companies to clean asphalt milling machines or similar, for underwater cleaning (quagga mussel removal in Lake Constance), etc. Individually adapted to your needs, we deliver the perfect solution.<\/p>\n","protected":false},"featured_media":15934,"template":"","meta":[],"product_brand":[],"product_cat":[123,121,115],"product_tag":[],"class_list":{"0":"post-18145","1":"product","2":"type-product","3":"status-publish","4":"has-post-thumbnail","6":"product_cat-all-products","7":"product_cat-industry-building-construction-and-civil-engineering","8":"product_cat-nicht-kategorisiert","10":"first","11":"instock","12":"shipping-taxable","13":"purchasable","14":"product-type-variable"},"yoast_head":"<!-- This site is optimized with the Yoast SEO plugin v26.8 - https:\/\/yoast.com\/product\/yoast-seo-wordpress\/ -->\n<title>\ud83d\ude80 IBC 350 bar petrol mobile high-pressure cleaner - Ultimate cleaning power<\/title>\n<meta name=\"description\" content=\"The IBC 350 bar petrol pressure washer offers powerful cleaning for demanding applications. With 350 or 500 bar pressure, a 1000 liter water tank and flexible mobility, it is ideal for industrial applications and cleaning hard-to-reach areas. Enjoy efficiency and performance wherever you need it!\" \/>\n<meta name=\"robots\" content=\"index, follow, max-snippet:-1, max-image-preview:large, max-video-preview:-1\" \/>\n<link rel=\"canonical\" href=\"https:\/\/www.ibc-hochdruck.de\/en\/produkt\/ibc-350-500-bar-gasoline-high-pressure-cleaner\" \/>\n<meta property=\"og:locale\" content=\"en_US\" \/>\n<meta property=\"og:type\" content=\"article\" \/>\n<meta property=\"og:title\" content=\"\ud83d\ude80 IBC 350 bar petrol mobile high-pressure cleaner - Ultimate cleaning power\" \/>\n<meta property=\"og:description\" content=\"The IBC 350 bar petrol pressure washer offers powerful cleaning for demanding applications. With 350 or 500 bar pressure, a 1000 liter water tank and flexible mobility, it is ideal for industrial applications and cleaning hard-to-reach areas. Enjoy efficiency and performance wherever you need it!\" \/>\n<meta property=\"og:url\" content=\"https:\/\/www.ibc-hochdruck.de\/en\/produkt\/ibc-350-500-bar-gasoline-high-pressure-cleaner\" \/>\n<meta property=\"og:site_name\" content=\"IBC Hochdruck- und Bew\u00e4sserungssysteme\" \/>\n<meta property=\"article:publisher\" content=\"https:\/\/www.facebook.com\/ibchochdruck\" \/>\n<meta property=\"article:modified_time\" content=\"2025-07-21T13:48:18+00:00\" \/>\n<meta property=\"og:image\" content=\"https:\/\/www.ibc-hochdruck.de\/wp-content\/uploads\/2024\/05\/350Bar.png\" \/>\n\t<meta property=\"og:image:width\" content=\"696\" \/>\n\t<meta property=\"og:image:height\" content=\"696\" \/>\n\t<meta property=\"og:image:type\" content=\"image\/png\" \/>\n<meta name=\"twitter:card\" content=\"summary_large_image\" \/>\n<meta name=\"twitter:label1\" content=\"Est. reading time\" \/>\n\t<meta name=\"twitter:data1\" content=\"1 minute\" \/>\n<script type=\"application\/ld+json\" class=\"yoast-schema-graph\">{\"@context\":\"https:\/\/schema.org\",\"@graph\":[{\"@type\":\"WebPage\",\"@id\":\"https:\/\/www.ibc-hochdruck.de\/en\/produkt\/ibc-350-500-bar-gasoline-high-pressure-cleaner\",\"url\":\"https:\/\/www.ibc-hochdruck.de\/en\/produkt\/ibc-350-500-bar-gasoline-high-pressure-cleaner\",\"name\":\"\ud83d\ude80 IBC 350 bar petrol mobile high-pressure cleaner - Ultimate cleaning power\",\"isPartOf\":{\"@id\":\"https:\/\/www.ibc-hochdruck.de\/en#website\"},\"primaryImageOfPage\":{\"@id\":\"https:\/\/www.ibc-hochdruck.de\/en\/produkt\/ibc-350-500-bar-gasoline-high-pressure-cleaner#primaryimage\"},\"image\":{\"@id\":\"https:\/\/www.ibc-hochdruck.de\/en\/produkt\/ibc-350-500-bar-gasoline-high-pressure-cleaner#primaryimage\"},\"thumbnailUrl\":\"https:\/\/www.ibc-hochdruck.de\/wp-content\/uploads\/2024\/05\/350Bar.png\",\"datePublished\":\"2024-05-02T19:16:12+00:00\",\"dateModified\":\"2025-07-21T13:48:18+00:00\",\"description\":\"The IBC 350 bar petrol pressure washer offers powerful cleaning for demanding applications. With 350 or 500 bar pressure, a 1000 liter water tank and flexible mobility, it is ideal for industrial applications and cleaning hard-to-reach areas. Enjoy efficiency and performance wherever you need it!\",\"breadcrumb\":{\"@id\":\"https:\/\/www.ibc-hochdruck.de\/en\/produkt\/ibc-350-500-bar-gasoline-high-pressure-cleaner#breadcrumb\"},\"inLanguage\":\"en-US\",\"potentialAction\":[{\"@type\":\"ReadAction\",\"target\":[\"https:\/\/www.ibc-hochdruck.de\/en\/produkt\/ibc-350-500-bar-gasoline-high-pressure-cleaner\"]}]},{\"@type\":\"ImageObject\",\"inLanguage\":\"en-US\",\"@id\":\"https:\/\/www.ibc-hochdruck.de\/en\/produkt\/ibc-350-500-bar-gasoline-high-pressure-cleaner#primaryimage\",\"url\":\"https:\/\/www.ibc-hochdruck.de\/wp-content\/uploads\/2024\/05\/350Bar.png\",\"contentUrl\":\"https:\/\/www.ibc-hochdruck.de\/wp-content\/uploads\/2024\/05\/350Bar.png\",\"width\":696,\"height\":696},{\"@type\":\"BreadcrumbList\",\"@id\":\"https:\/\/www.ibc-hochdruck.de\/en\/produkt\/ibc-350-500-bar-gasoline-high-pressure-cleaner#breadcrumb\",\"itemListElement\":[{\"@type\":\"ListItem\",\"position\":1,\"name\":\"Startseite\",\"item\":\"https:\/\/www.ibc-hochdruck.de\/en?page_id=17969\"},{\"@type\":\"ListItem\",\"position\":2,\"name\":\"Shop\",\"item\":\"https:\/\/www.ibc-hochdruck.de\/en\/shop\"},{\"@type\":\"ListItem\",\"position\":3,\"name\":\"IBC 350\/500 bar gasoline high-pressure cleaner\"}]},{\"@type\":\"WebSite\",\"@id\":\"https:\/\/www.ibc-hochdruck.de\/en#website\",\"url\":\"https:\/\/www.ibc-hochdruck.de\/en\",\"name\":\"IBC Hochdruck- und Bew\u00e4sserungssysteme\",\"description\":\"Mobile Hochdruckreiniger f\u00fcr vielf\u00e4ltige Einsatzzwecke\",\"publisher\":{\"@id\":\"https:\/\/www.ibc-hochdruck.de\/en#organization\"},\"potentialAction\":[{\"@type\":\"SearchAction\",\"target\":{\"@type\":\"EntryPoint\",\"urlTemplate\":\"https:\/\/www.ibc-hochdruck.de\/en?s={search_term_string}\"},\"query-input\":{\"@type\":\"PropertyValueSpecification\",\"valueRequired\":true,\"valueName\":\"search_term_string\"}}],\"inLanguage\":\"en-US\"},{\"@type\":\"Organization\",\"@id\":\"https:\/\/www.ibc-hochdruck.de\/en#organization\",\"name\":\"IBC Hochdruck- und Bew\u00e4sserungssysteme\",\"url\":\"https:\/\/www.ibc-hochdruck.de\/en\",\"logo\":{\"@type\":\"ImageObject\",\"inLanguage\":\"en-US\",\"@id\":\"https:\/\/www.ibc-hochdruck.de\/en#\/schema\/logo\/image\/\",\"url\":\"https:\/\/www.ibc-hochdruck.de\/wp-content\/uploads\/2024\/04\/cropped-Favicon_IBC_Hochdruck_Logo_Negativ.png\",\"contentUrl\":\"https:\/\/www.ibc-hochdruck.de\/wp-content\/uploads\/2024\/04\/cropped-Favicon_IBC_Hochdruck_Logo_Negativ.png\",\"width\":512,\"height\":512,\"caption\":\"IBC Hochdruck- und Bew\u00e4sserungssysteme\"},\"image\":{\"@id\":\"https:\/\/www.ibc-hochdruck.de\/en#\/schema\/logo\/image\/\"},\"sameAs\":[\"https:\/\/www.facebook.com\/ibchochdruck\",\"https:\/\/www.instagram.com\/ibchochdruck\/\",\"https:\/\/www.youtube.com\/@ibc-hochdruck\",\"https:\/\/www.tiktok.com\/@ibchochdruck\"]}]}<\/script>\n<!-- \/ Yoast SEO plugin. -->","yoast_head_json":{"title":"\ud83d\ude80 IBC 350 bar petrol mobile high-pressure cleaner - Ultimate cleaning power","description":"The IBC 350 bar petrol pressure washer offers powerful cleaning for demanding applications. With 350 or 500 bar pressure, a 1000 liter water tank and flexible mobility, it is ideal for industrial applications and cleaning hard-to-reach areas. Enjoy efficiency and performance wherever you need it!","robots":{"index":"index","follow":"follow","max-snippet":"max-snippet:-1","max-image-preview":"max-image-preview:large","max-video-preview":"max-video-preview:-1"},"canonical":"https:\/\/www.ibc-hochdruck.de\/en\/produkt\/ibc-350-500-bar-gasoline-high-pressure-cleaner","og_locale":"en_US","og_type":"article","og_title":"\ud83d\ude80 IBC 350 bar petrol mobile high-pressure cleaner - Ultimate cleaning power","og_description":"The IBC 350 bar petrol pressure washer offers powerful cleaning for demanding applications. With 350 or 500 bar pressure, a 1000 liter water tank and flexible mobility, it is ideal for industrial applications and cleaning hard-to-reach areas. Enjoy efficiency and performance wherever you need it!","og_url":"https:\/\/www.ibc-hochdruck.de\/en\/produkt\/ibc-350-500-bar-gasoline-high-pressure-cleaner","og_site_name":"IBC Hochdruck- und Bew\u00e4sserungssysteme","article_publisher":"https:\/\/www.facebook.com\/ibchochdruck","article_modified_time":"2025-07-21T13:48:18+00:00","og_image":[{"width":696,"height":696,"url":"https:\/\/www.ibc-hochdruck.de\/wp-content\/uploads\/2024\/05\/350Bar.png","type":"image\/png"}],"twitter_card":"summary_large_image","twitter_misc":{"Est. reading time":"1 minute"},"schema":{"@context":"https:\/\/schema.org","@graph":[{"@type":"WebPage","@id":"https:\/\/www.ibc-hochdruck.de\/en\/produkt\/ibc-350-500-bar-gasoline-high-pressure-cleaner","url":"https:\/\/www.ibc-hochdruck.de\/en\/produkt\/ibc-350-500-bar-gasoline-high-pressure-cleaner","name":"\ud83d\ude80 IBC 350 bar petrol mobile high-pressure cleaner - Ultimate cleaning power","isPartOf":{"@id":"https:\/\/www.ibc-hochdruck.de\/en#website"},"primaryImageOfPage":{"@id":"https:\/\/www.ibc-hochdruck.de\/en\/produkt\/ibc-350-500-bar-gasoline-high-pressure-cleaner#primaryimage"},"image":{"@id":"https:\/\/www.ibc-hochdruck.de\/en\/produkt\/ibc-350-500-bar-gasoline-high-pressure-cleaner#primaryimage"},"thumbnailUrl":"https:\/\/www.ibc-hochdruck.de\/wp-content\/uploads\/2024\/05\/350Bar.png","datePublished":"2024-05-02T19:16:12+00:00","dateModified":"2025-07-21T13:48:18+00:00","description":"The IBC 350 bar petrol pressure washer offers powerful cleaning for demanding applications. With 350 or 500 bar pressure, a 1000 liter water tank and flexible mobility, it is ideal for industrial applications and cleaning hard-to-reach areas. Enjoy efficiency and performance wherever you need it!","breadcrumb":{"@id":"https:\/\/www.ibc-hochdruck.de\/en\/produkt\/ibc-350-500-bar-gasoline-high-pressure-cleaner#breadcrumb"},"inLanguage":"en-US","potentialAction":[{"@type":"ReadAction","target":["https:\/\/www.ibc-hochdruck.de\/en\/produkt\/ibc-350-500-bar-gasoline-high-pressure-cleaner"]}]},{"@type":"ImageObject","inLanguage":"en-US","@id":"https:\/\/www.ibc-hochdruck.de\/en\/produkt\/ibc-350-500-bar-gasoline-high-pressure-cleaner#primaryimage","url":"https:\/\/www.ibc-hochdruck.de\/wp-content\/uploads\/2024\/05\/350Bar.png","contentUrl":"https:\/\/www.ibc-hochdruck.de\/wp-content\/uploads\/2024\/05\/350Bar.png","width":696,"height":696},{"@type":"BreadcrumbList","@id":"https:\/\/www.ibc-hochdruck.de\/en\/produkt\/ibc-350-500-bar-gasoline-high-pressure-cleaner#breadcrumb","itemListElement":[{"@type":"ListItem","position":1,"name":"Startseite","item":"https:\/\/www.ibc-hochdruck.de\/en?page_id=17969"},{"@type":"ListItem","position":2,"name":"Shop","item":"https:\/\/www.ibc-hochdruck.de\/en\/shop"},{"@type":"ListItem","position":3,"name":"IBC 350\/500 bar gasoline high-pressure cleaner"}]},{"@type":"WebSite","@id":"https:\/\/www.ibc-hochdruck.de\/en#website","url":"https:\/\/www.ibc-hochdruck.de\/en","name":"IBC Hochdruck- und Bew\u00e4sserungssysteme","description":"Mobile Hochdruckreiniger f\u00fcr vielf\u00e4ltige Einsatzzwecke","publisher":{"@id":"https:\/\/www.ibc-hochdruck.de\/en#organization"},"potentialAction":[{"@type":"SearchAction","target":{"@type":"EntryPoint","urlTemplate":"https:\/\/www.ibc-hochdruck.de\/en?s={search_term_string}"},"query-input":{"@type":"PropertyValueSpecification","valueRequired":true,"valueName":"search_term_string"}}],"inLanguage":"en-US"},{"@type":"Organization","@id":"https:\/\/www.ibc-hochdruck.de\/en#organization","name":"IBC Hochdruck- und Bew\u00e4sserungssysteme","url":"https:\/\/www.ibc-hochdruck.de\/en","logo":{"@type":"ImageObject","inLanguage":"en-US","@id":"https:\/\/www.ibc-hochdruck.de\/en#\/schema\/logo\/image\/","url":"https:\/\/www.ibc-hochdruck.de\/wp-content\/uploads\/2024\/04\/cropped-Favicon_IBC_Hochdruck_Logo_Negativ.png","contentUrl":"https:\/\/www.ibc-hochdruck.de\/wp-content\/uploads\/2024\/04\/cropped-Favicon_IBC_Hochdruck_Logo_Negativ.png","width":512,"height":512,"caption":"IBC Hochdruck- und Bew\u00e4sserungssysteme"},"image":{"@id":"https:\/\/www.ibc-hochdruck.de\/en#\/schema\/logo\/image\/"},"sameAs":["https:\/\/www.facebook.com\/ibchochdruck","https:\/\/www.instagram.com\/ibchochdruck\/","https:\/\/www.youtube.com\/@ibc-hochdruck","https:\/\/www.tiktok.com\/@ibchochdruck"]}]}},"_links":{"self":[{"href":"https:\/\/www.ibc-hochdruck.de\/en\/wp-json\/wp\/v2\/product\/18145","targetHints":{"allow":["GET"]}}],"collection":[{"href":"https:\/\/www.ibc-hochdruck.de\/en\/wp-json\/wp\/v2\/product"}],"about":[{"href":"https:\/\/www.ibc-hochdruck.de\/en\/wp-json\/wp\/v2\/types\/product"}],"version-history":[{"count":1,"href":"https:\/\/www.ibc-hochdruck.de\/en\/wp-json\/wp\/v2\/product\/18145\/revisions"}],"predecessor-version":[{"id":18149,"href":"https:\/\/www.ibc-hochdruck.de\/en\/wp-json\/wp\/v2\/product\/18145\/revisions\/18149"}],"wp:featuredmedia":[{"embeddable":true,"href":"https:\/\/www.ibc-hochdruck.de\/en\/wp-json\/wp\/v2\/media\/15934"}],"wp:attachment":[{"href":"https:\/\/www.ibc-hochdruck.de\/en\/wp-json\/wp\/v2\/media?parent=18145"}],"wp:term":[{"taxonomy":"product_brand","embeddable":true,"href":"https:\/\/www.ibc-hochdruck.de\/en\/wp-json\/wp\/v2\/product_brand?post=18145"},{"taxonomy":"product_cat","embeddable":true,"href":"https:\/\/www.ibc-hochdruck.de\/en\/wp-json\/wp\/v2\/product_cat?post=18145"},{"taxonomy":"product_tag","embeddable":true,"href":"https:\/\/www.ibc-hochdruck.de\/en\/wp-json\/wp\/v2\/product_tag?post=18145"}],"curies":[{"name":"wp","href":"https:\/\/api.w.org\/{rel}","templated":true}]}}