{"id":18157,"date":"2024-05-02T21:22:02","date_gmt":"2024-05-02T19:22:02","guid":{"rendered":"https:\/\/www.ibc-hochdruck.de\/produkt\/ibc-irrigation"},"modified":"2025-07-21T15:48:26","modified_gmt":"2025-07-21T13:48:26","slug":"ibc-irrigation","status":"publish","type":"product","link":"https:\/\/www.ibc-hochdruck.de\/en\/produkt\/ibc-irrigation","title":{"rendered":"IBC Irrigation"},"content":{"rendered":"<p><strong>Performance data<\/strong><br \/>\n&#8211; Engine: Honda WX15T with 1.6 kW \/ battery-<br \/>\nVariant: 2 x 8 Ah battery with twin charger<br \/>\n&#8211; Working pressure: 2.8 bar<br \/>\n&#8211; Maximum delivery rate: 245 l\/min<br \/>\n&#8211; H Max: 36 m<\/p>\n<p><strong>Noise emission<\/strong><br \/>\n&#8211; Sound pressure level: 88 dB(A)<br \/>\n&#8211; Sound power level: 101 dB(A)<br \/>\n&#8211; With battery version: low noise and<br \/>\nno emissions<\/p>\n<p><strong>Dimensions and weights<\/strong><br \/>\n&#8211; L x W x H: 1850 x 1040 x 1500 mm<br \/>\n&#8211; Weight: empty: approx. 275 kg &#8211; full: approx. 1300 kg<\/p>\n<p><strong>Scope of delivery<\/strong><br \/>\n&#8211; 500 l or 1000 l water tank (optionally available up to<br \/>\n3000 l)<br \/>\n&#8211; 20 m hose reel<br \/>\n&#8211; 20 l fuel canister with tank nozzle<br \/>\n&#8211; jet pipe<br \/>\n&#8211; watering lance<br \/>\n&#8211; hot-dip galvanized base frame<br \/>\n(additionally painted with<br \/>\nindividual RAL color on request)<\/p>\n","protected":false},"excerpt":{"rendered":"<p class=\"p1\"><strong>IRRIGATE &#8211; ALWAYS AND EVERYWHERE!  <\/strong><\/p>\n<p class=\"p1\">Not only for watering &#8211; IBC irrigation is also an ideal companion on construction sites for supplying water to construction machinery such as concrete saws or core drills and for moistening large areas before vibrating.<\/p>\n","protected":false},"featured_media":15935,"template":"","meta":[],"product_brand":[],"product_cat":[123,126,115],"product_tag":[],"class_list":{"0":"post-18157","1":"product","2":"type-product","3":"status-publish","4":"has-post-thumbnail","6":"product_cat-all-products","7":"product_cat-ibc-irrigation-systems","8":"product_cat-nicht-kategorisiert","10":"first","11":"instock","12":"shipping-taxable","13":"purchasable","14":"product-type-variable"},"yoast_head":"<!-- This site is optimized with the Yoast SEO plugin v26.8 - https:\/\/yoast.com\/product\/yoast-seo-wordpress\/ -->\n<title>\ud83d\udca7 IBC Irrigation - Flexible water solutions for construction sites and gardens<\/title>\n<meta name=\"description\" content=\"The \ud83d\udca7 IBC irrigation system is ideal for construction sites, for supplying machines or for moistening large areas. With a tank size of up to 3000 liters and battery or petrol drive, it offers maximum flexibility and performance for a wide range of applications.\" \/>\n<meta name=\"robots\" content=\"index, follow, max-snippet:-1, max-image-preview:large, max-video-preview:-1\" \/>\n<link rel=\"canonical\" href=\"https:\/\/www.ibc-hochdruck.de\/en\/produkt\/ibc-irrigation\" \/>\n<meta property=\"og:locale\" content=\"en_US\" \/>\n<meta property=\"og:type\" content=\"article\" \/>\n<meta property=\"og:title\" content=\"\ud83d\udca7 IBC Irrigation - Flexible water solutions for construction sites and gardens\" \/>\n<meta property=\"og:description\" content=\"The \ud83d\udca7 IBC irrigation system is ideal for construction sites, for supplying machines or for moistening large areas. With a tank size of up to 3000 liters and battery or petrol drive, it offers maximum flexibility and performance for a wide range of applications.\" \/>\n<meta property=\"og:url\" content=\"https:\/\/www.ibc-hochdruck.de\/en\/produkt\/ibc-irrigation\" \/>\n<meta property=\"og:site_name\" content=\"IBC Hochdruck- und Bew\u00e4sserungssysteme\" \/>\n<meta property=\"article:publisher\" content=\"https:\/\/www.facebook.com\/ibchochdruck\" \/>\n<meta property=\"article:modified_time\" content=\"2025-07-21T13:48:26+00:00\" \/>\n<meta property=\"og:image\" content=\"https:\/\/www.ibc-hochdruck.de\/wp-content\/uploads\/2024\/05\/Bewaesserung.png\" \/>\n\t<meta property=\"og:image:width\" content=\"698\" \/>\n\t<meta property=\"og:image:height\" content=\"698\" \/>\n\t<meta property=\"og:image:type\" content=\"image\/png\" \/>\n<meta name=\"twitter:card\" content=\"summary_large_image\" \/>\n<meta name=\"twitter:label1\" content=\"Est. reading time\" \/>\n\t<meta name=\"twitter:data1\" content=\"1 minute\" \/>\n<script type=\"application\/ld+json\" class=\"yoast-schema-graph\">{\"@context\":\"https:\/\/schema.org\",\"@graph\":[{\"@type\":\"WebPage\",\"@id\":\"https:\/\/www.ibc-hochdruck.de\/en\/produkt\/ibc-irrigation\",\"url\":\"https:\/\/www.ibc-hochdruck.de\/en\/produkt\/ibc-irrigation\",\"name\":\"\ud83d\udca7 IBC Irrigation - Flexible water solutions for construction sites and gardens\",\"isPartOf\":{\"@id\":\"https:\/\/www.ibc-hochdruck.de\/en#website\"},\"primaryImageOfPage\":{\"@id\":\"https:\/\/www.ibc-hochdruck.de\/en\/produkt\/ibc-irrigation#primaryimage\"},\"image\":{\"@id\":\"https:\/\/www.ibc-hochdruck.de\/en\/produkt\/ibc-irrigation#primaryimage\"},\"thumbnailUrl\":\"https:\/\/www.ibc-hochdruck.de\/wp-content\/uploads\/2024\/05\/Bewaesserung.png\",\"datePublished\":\"2024-05-02T19:22:02+00:00\",\"dateModified\":\"2025-07-21T13:48:26+00:00\",\"description\":\"The \ud83d\udca7 IBC irrigation system is ideal for construction sites, for supplying machines or for moistening large areas. With a tank size of up to 3000 liters and battery or petrol drive, it offers maximum flexibility and performance for a wide range of applications.\",\"breadcrumb\":{\"@id\":\"https:\/\/www.ibc-hochdruck.de\/en\/produkt\/ibc-irrigation#breadcrumb\"},\"inLanguage\":\"en-US\",\"potentialAction\":[{\"@type\":\"ReadAction\",\"target\":[\"https:\/\/www.ibc-hochdruck.de\/en\/produkt\/ibc-irrigation\"]}]},{\"@type\":\"ImageObject\",\"inLanguage\":\"en-US\",\"@id\":\"https:\/\/www.ibc-hochdruck.de\/en\/produkt\/ibc-irrigation#primaryimage\",\"url\":\"https:\/\/www.ibc-hochdruck.de\/wp-content\/uploads\/2024\/05\/Bewaesserung.png\",\"contentUrl\":\"https:\/\/www.ibc-hochdruck.de\/wp-content\/uploads\/2024\/05\/Bewaesserung.png\",\"width\":698,\"height\":698},{\"@type\":\"BreadcrumbList\",\"@id\":\"https:\/\/www.ibc-hochdruck.de\/en\/produkt\/ibc-irrigation#breadcrumb\",\"itemListElement\":[{\"@type\":\"ListItem\",\"position\":1,\"name\":\"Startseite\",\"item\":\"https:\/\/www.ibc-hochdruck.de\/en?page_id=17969\"},{\"@type\":\"ListItem\",\"position\":2,\"name\":\"Shop\",\"item\":\"https:\/\/www.ibc-hochdruck.de\/en\/shop\"},{\"@type\":\"ListItem\",\"position\":3,\"name\":\"IBC Irrigation\"}]},{\"@type\":\"WebSite\",\"@id\":\"https:\/\/www.ibc-hochdruck.de\/en#website\",\"url\":\"https:\/\/www.ibc-hochdruck.de\/en\",\"name\":\"IBC Hochdruck- und Bew\u00e4sserungssysteme\",\"description\":\"Mobile Hochdruckreiniger f\u00fcr vielf\u00e4ltige Einsatzzwecke\",\"publisher\":{\"@id\":\"https:\/\/www.ibc-hochdruck.de\/en#organization\"},\"potentialAction\":[{\"@type\":\"SearchAction\",\"target\":{\"@type\":\"EntryPoint\",\"urlTemplate\":\"https:\/\/www.ibc-hochdruck.de\/en?s={search_term_string}\"},\"query-input\":{\"@type\":\"PropertyValueSpecification\",\"valueRequired\":true,\"valueName\":\"search_term_string\"}}],\"inLanguage\":\"en-US\"},{\"@type\":\"Organization\",\"@id\":\"https:\/\/www.ibc-hochdruck.de\/en#organization\",\"name\":\"IBC Hochdruck- und Bew\u00e4sserungssysteme\",\"url\":\"https:\/\/www.ibc-hochdruck.de\/en\",\"logo\":{\"@type\":\"ImageObject\",\"inLanguage\":\"en-US\",\"@id\":\"https:\/\/www.ibc-hochdruck.de\/en#\/schema\/logo\/image\/\",\"url\":\"https:\/\/www.ibc-hochdruck.de\/wp-content\/uploads\/2024\/04\/cropped-Favicon_IBC_Hochdruck_Logo_Negativ.png\",\"contentUrl\":\"https:\/\/www.ibc-hochdruck.de\/wp-content\/uploads\/2024\/04\/cropped-Favicon_IBC_Hochdruck_Logo_Negativ.png\",\"width\":512,\"height\":512,\"caption\":\"IBC Hochdruck- und Bew\u00e4sserungssysteme\"},\"image\":{\"@id\":\"https:\/\/www.ibc-hochdruck.de\/en#\/schema\/logo\/image\/\"},\"sameAs\":[\"https:\/\/www.facebook.com\/ibchochdruck\",\"https:\/\/www.instagram.com\/ibchochdruck\/\",\"https:\/\/www.youtube.com\/@ibc-hochdruck\",\"https:\/\/www.tiktok.com\/@ibchochdruck\"]}]}<\/script>\n<!-- \/ Yoast SEO plugin. -->","yoast_head_json":{"title":"\ud83d\udca7 IBC Irrigation - Flexible water solutions for construction sites and gardens","description":"The \ud83d\udca7 IBC irrigation system is ideal for construction sites, for supplying machines or for moistening large areas. With a tank size of up to 3000 liters and battery or petrol drive, it offers maximum flexibility and performance for a wide range of applications.","robots":{"index":"index","follow":"follow","max-snippet":"max-snippet:-1","max-image-preview":"max-image-preview:large","max-video-preview":"max-video-preview:-1"},"canonical":"https:\/\/www.ibc-hochdruck.de\/en\/produkt\/ibc-irrigation","og_locale":"en_US","og_type":"article","og_title":"\ud83d\udca7 IBC Irrigation - Flexible water solutions for construction sites and gardens","og_description":"The \ud83d\udca7 IBC irrigation system is ideal for construction sites, for supplying machines or for moistening large areas. With a tank size of up to 3000 liters and battery or petrol drive, it offers maximum flexibility and performance for a wide range of applications.","og_url":"https:\/\/www.ibc-hochdruck.de\/en\/produkt\/ibc-irrigation","og_site_name":"IBC Hochdruck- und Bew\u00e4sserungssysteme","article_publisher":"https:\/\/www.facebook.com\/ibchochdruck","article_modified_time":"2025-07-21T13:48:26+00:00","og_image":[{"width":698,"height":698,"url":"https:\/\/www.ibc-hochdruck.de\/wp-content\/uploads\/2024\/05\/Bewaesserung.png","type":"image\/png"}],"twitter_card":"summary_large_image","twitter_misc":{"Est. reading time":"1 minute"},"schema":{"@context":"https:\/\/schema.org","@graph":[{"@type":"WebPage","@id":"https:\/\/www.ibc-hochdruck.de\/en\/produkt\/ibc-irrigation","url":"https:\/\/www.ibc-hochdruck.de\/en\/produkt\/ibc-irrigation","name":"\ud83d\udca7 IBC Irrigation - Flexible water solutions for construction sites and gardens","isPartOf":{"@id":"https:\/\/www.ibc-hochdruck.de\/en#website"},"primaryImageOfPage":{"@id":"https:\/\/www.ibc-hochdruck.de\/en\/produkt\/ibc-irrigation#primaryimage"},"image":{"@id":"https:\/\/www.ibc-hochdruck.de\/en\/produkt\/ibc-irrigation#primaryimage"},"thumbnailUrl":"https:\/\/www.ibc-hochdruck.de\/wp-content\/uploads\/2024\/05\/Bewaesserung.png","datePublished":"2024-05-02T19:22:02+00:00","dateModified":"2025-07-21T13:48:26+00:00","description":"The \ud83d\udca7 IBC irrigation system is ideal for construction sites, for supplying machines or for moistening large areas. With a tank size of up to 3000 liters and battery or petrol drive, it offers maximum flexibility and performance for a wide range of applications.","breadcrumb":{"@id":"https:\/\/www.ibc-hochdruck.de\/en\/produkt\/ibc-irrigation#breadcrumb"},"inLanguage":"en-US","potentialAction":[{"@type":"ReadAction","target":["https:\/\/www.ibc-hochdruck.de\/en\/produkt\/ibc-irrigation"]}]},{"@type":"ImageObject","inLanguage":"en-US","@id":"https:\/\/www.ibc-hochdruck.de\/en\/produkt\/ibc-irrigation#primaryimage","url":"https:\/\/www.ibc-hochdruck.de\/wp-content\/uploads\/2024\/05\/Bewaesserung.png","contentUrl":"https:\/\/www.ibc-hochdruck.de\/wp-content\/uploads\/2024\/05\/Bewaesserung.png","width":698,"height":698},{"@type":"BreadcrumbList","@id":"https:\/\/www.ibc-hochdruck.de\/en\/produkt\/ibc-irrigation#breadcrumb","itemListElement":[{"@type":"ListItem","position":1,"name":"Startseite","item":"https:\/\/www.ibc-hochdruck.de\/en?page_id=17969"},{"@type":"ListItem","position":2,"name":"Shop","item":"https:\/\/www.ibc-hochdruck.de\/en\/shop"},{"@type":"ListItem","position":3,"name":"IBC Irrigation"}]},{"@type":"WebSite","@id":"https:\/\/www.ibc-hochdruck.de\/en#website","url":"https:\/\/www.ibc-hochdruck.de\/en","name":"IBC Hochdruck- und Bew\u00e4sserungssysteme","description":"Mobile Hochdruckreiniger f\u00fcr vielf\u00e4ltige Einsatzzwecke","publisher":{"@id":"https:\/\/www.ibc-hochdruck.de\/en#organization"},"potentialAction":[{"@type":"SearchAction","target":{"@type":"EntryPoint","urlTemplate":"https:\/\/www.ibc-hochdruck.de\/en?s={search_term_string}"},"query-input":{"@type":"PropertyValueSpecification","valueRequired":true,"valueName":"search_term_string"}}],"inLanguage":"en-US"},{"@type":"Organization","@id":"https:\/\/www.ibc-hochdruck.de\/en#organization","name":"IBC Hochdruck- und Bew\u00e4sserungssysteme","url":"https:\/\/www.ibc-hochdruck.de\/en","logo":{"@type":"ImageObject","inLanguage":"en-US","@id":"https:\/\/www.ibc-hochdruck.de\/en#\/schema\/logo\/image\/","url":"https:\/\/www.ibc-hochdruck.de\/wp-content\/uploads\/2024\/04\/cropped-Favicon_IBC_Hochdruck_Logo_Negativ.png","contentUrl":"https:\/\/www.ibc-hochdruck.de\/wp-content\/uploads\/2024\/04\/cropped-Favicon_IBC_Hochdruck_Logo_Negativ.png","width":512,"height":512,"caption":"IBC Hochdruck- und Bew\u00e4sserungssysteme"},"image":{"@id":"https:\/\/www.ibc-hochdruck.de\/en#\/schema\/logo\/image\/"},"sameAs":["https:\/\/www.facebook.com\/ibchochdruck","https:\/\/www.instagram.com\/ibchochdruck\/","https:\/\/www.youtube.com\/@ibc-hochdruck","https:\/\/www.tiktok.com\/@ibchochdruck"]}]}},"_links":{"self":[{"href":"https:\/\/www.ibc-hochdruck.de\/en\/wp-json\/wp\/v2\/product\/18157","targetHints":{"allow":["GET"]}}],"collection":[{"href":"https:\/\/www.ibc-hochdruck.de\/en\/wp-json\/wp\/v2\/product"}],"about":[{"href":"https:\/\/www.ibc-hochdruck.de\/en\/wp-json\/wp\/v2\/types\/product"}],"version-history":[{"count":1,"href":"https:\/\/www.ibc-hochdruck.de\/en\/wp-json\/wp\/v2\/product\/18157\/revisions"}],"predecessor-version":[{"id":18161,"href":"https:\/\/www.ibc-hochdruck.de\/en\/wp-json\/wp\/v2\/product\/18157\/revisions\/18161"}],"wp:featuredmedia":[{"embeddable":true,"href":"https:\/\/www.ibc-hochdruck.de\/en\/wp-json\/wp\/v2\/media\/15935"}],"wp:attachment":[{"href":"https:\/\/www.ibc-hochdruck.de\/en\/wp-json\/wp\/v2\/media?parent=18157"}],"wp:term":[{"taxonomy":"product_brand","embeddable":true,"href":"https:\/\/www.ibc-hochdruck.de\/en\/wp-json\/wp\/v2\/product_brand?post=18157"},{"taxonomy":"product_cat","embeddable":true,"href":"https:\/\/www.ibc-hochdruck.de\/en\/wp-json\/wp\/v2\/product_cat?post=18157"},{"taxonomy":"product_tag","embeddable":true,"href":"https:\/\/www.ibc-hochdruck.de\/en\/wp-json\/wp\/v2\/product_tag?post=18157"}],"curies":[{"name":"wp","href":"https:\/\/api.w.org\/{rel}","templated":true}]}}