{"id":18169,"date":"2024-05-02T21:36:26","date_gmt":"2024-05-02T19:36:26","guid":{"rendered":"https:\/\/www.ibc-hochdruck.de\/produkt\/ibc-municipal"},"modified":"2025-07-21T15:48:23","modified_gmt":"2025-07-21T13:48:23","slug":"ibc-municipal","status":"publish","type":"product","link":"https:\/\/www.ibc-hochdruck.de\/en\/produkt\/ibc-municipal","title":{"rendered":"IBC Municipal"},"content":{"rendered":"<p><strong>Performance data<\/strong><br \/>\n&#8211; Briggs &amp; Stratton Vanguard 14 hp \/230 bar<br \/>\nPetrol engine with pull-start<br \/>\nor<br \/>\n&#8211; Hydraulic drive with 210\/350 bar<br \/>\nincluding water pre-filter<\/p>\n<p><strong>Scope of delivery<\/strong><br \/>\n&#8211; High-pressure gun with quick-change system<br \/>\n&#8211; Curved lance with dirt cutter<br \/>\n&#8211; Curved lance with flat jet nozzle<br \/>\n&#8211; 20m hose reel (optional up to 100m)<\/p>\n<p><strong>Optional<\/strong><br \/>\n&#8211; Firefighting and demolition tool<br \/>\n&#8211; Water and sludge suction tool<br \/>\n(suction capacity up to 18,000 l\/h)<br \/>\n&#8211; Water sand blasting tool (water blasting<br \/>\nwith quartz sand,&#8230;)<br \/>\n&#8211; Foam tool (enables disinfection<br \/>\nof playgrounds, bus stops or<br \/>\ncleaning of stubborn<br \/>\nsoiling)<br \/>\n&#8211; Sewer cleaning tool (30 m flushing hose)<br \/>\n&#8211; Gun Vario (enables the pressure<br \/>\nto be regulated on the gun)<\/p>\n","protected":false},"excerpt":{"rendered":"<p class=\"p1\"><strong>IBC-MUNICIPAL: INDIVIDUALLY CONFIGURABLE WITH 210 BAR \/ 230 BAR \/ 350 BAR PETROL OR HYDRAULIC DRIVE  <\/strong><\/p>\n<p class=\"p1\">With the IBC-Kommunal from IBC-Hochdruck for Unimog and trucks, there are no limits to cleaning. The mobile add-on high-pressure cleaner is mounted on the Unimog or truck using a mounting plate or bracket. With the petrol-driven pump unit, all you need is a water tank on the loading area and you are ready for mobile use, independent of electricity and water connections. The mobile unit has an output of 230 bar at 15 l\/min, combined with a 1000 l water tank, you can work self-sufficiently for more than 1 hour. Thanks to its forklift access lugs, the IBC-Kommunal can be mounted on the Unimog or truck in no time at all and is immediately ready for use after connecting the water tank on the loading area. To fight vegetation fires, the IBC-Kommunal can be combined with the firefighting tool and can therefore be used quickly and easily with fire department vehicles. Only one water line from the built-in tank is required &#8211; without pump and drive of the vehicle.<\/p>\n","protected":false},"featured_media":15937,"template":"","meta":[],"product_brand":[],"product_cat":[123,130,115],"product_tag":[],"class_list":{"0":"post-18169","1":"product","2":"type-product","3":"status-publish","4":"has-post-thumbnail","6":"product_cat-all-products","7":"product_cat-municipal","8":"product_cat-nicht-kategorisiert","10":"first","11":"instock","12":"purchasable","13":"product-type-variable"},"yoast_head":"<!-- This site is optimized with the Yoast SEO plugin v26.8 - https:\/\/yoast.com\/product\/yoast-seo-wordpress\/ -->\n<title>\ud83d\ude9b IBC Kommunal - Mobile high-pressure cleaner for municipalities<\/title>\n<meta name=\"description\" content=\"The IBC municipal system is specially designed for road and surface cleaning. With high mobility and flexibility, it offers powerful performance for highways and urban areas. Thanks to its modular attachment options and versatile accessories, it is ideal for municipal operations.\" \/>\n<meta name=\"robots\" content=\"index, follow, max-snippet:-1, max-image-preview:large, max-video-preview:-1\" \/>\n<link rel=\"canonical\" href=\"https:\/\/www.ibc-hochdruck.de\/en\/produkt\/ibc-municipal\" \/>\n<meta property=\"og:locale\" content=\"en_US\" \/>\n<meta property=\"og:type\" content=\"article\" \/>\n<meta property=\"og:title\" content=\"\ud83d\ude9b IBC Kommunal - Mobile high-pressure cleaner for municipalities\" \/>\n<meta property=\"og:description\" content=\"The IBC municipal system is specially designed for road and surface cleaning. With high mobility and flexibility, it offers powerful performance for highways and urban areas. Thanks to its modular attachment options and versatile accessories, it is ideal for municipal operations.\" \/>\n<meta property=\"og:url\" content=\"https:\/\/www.ibc-hochdruck.de\/en\/produkt\/ibc-municipal\" \/>\n<meta property=\"og:site_name\" content=\"IBC Hochdruck- und Bew\u00e4sserungssysteme\" \/>\n<meta property=\"article:publisher\" content=\"https:\/\/www.facebook.com\/ibchochdruck\" \/>\n<meta property=\"article:modified_time\" content=\"2025-07-21T13:48:23+00:00\" \/>\n<meta property=\"og:image\" content=\"https:\/\/www.ibc-hochdruck.de\/wp-content\/uploads\/2024\/05\/Kommunal.png\" \/>\n\t<meta property=\"og:image:width\" content=\"698\" \/>\n\t<meta property=\"og:image:height\" content=\"698\" \/>\n\t<meta property=\"og:image:type\" content=\"image\/png\" \/>\n<meta name=\"twitter:card\" content=\"summary_large_image\" \/>\n<meta name=\"twitter:label1\" content=\"Est. reading time\" \/>\n\t<meta name=\"twitter:data1\" content=\"1 minute\" \/>\n<script type=\"application\/ld+json\" class=\"yoast-schema-graph\">{\"@context\":\"https:\/\/schema.org\",\"@graph\":[{\"@type\":\"WebPage\",\"@id\":\"https:\/\/www.ibc-hochdruck.de\/en\/produkt\/ibc-municipal\",\"url\":\"https:\/\/www.ibc-hochdruck.de\/en\/produkt\/ibc-municipal\",\"name\":\"\ud83d\ude9b IBC Kommunal - Mobile high-pressure cleaner for municipalities\",\"isPartOf\":{\"@id\":\"https:\/\/www.ibc-hochdruck.de\/en#website\"},\"primaryImageOfPage\":{\"@id\":\"https:\/\/www.ibc-hochdruck.de\/en\/produkt\/ibc-municipal#primaryimage\"},\"image\":{\"@id\":\"https:\/\/www.ibc-hochdruck.de\/en\/produkt\/ibc-municipal#primaryimage\"},\"thumbnailUrl\":\"https:\/\/www.ibc-hochdruck.de\/wp-content\/uploads\/2024\/05\/Kommunal.png\",\"datePublished\":\"2024-05-02T19:36:26+00:00\",\"dateModified\":\"2025-07-21T13:48:23+00:00\",\"description\":\"The IBC municipal system is specially designed for road and surface cleaning. With high mobility and flexibility, it offers powerful performance for highways and urban areas. Thanks to its modular attachment options and versatile accessories, it is ideal for municipal operations.\",\"breadcrumb\":{\"@id\":\"https:\/\/www.ibc-hochdruck.de\/en\/produkt\/ibc-municipal#breadcrumb\"},\"inLanguage\":\"en-US\",\"potentialAction\":[{\"@type\":\"ReadAction\",\"target\":[\"https:\/\/www.ibc-hochdruck.de\/en\/produkt\/ibc-municipal\"]}]},{\"@type\":\"ImageObject\",\"inLanguage\":\"en-US\",\"@id\":\"https:\/\/www.ibc-hochdruck.de\/en\/produkt\/ibc-municipal#primaryimage\",\"url\":\"https:\/\/www.ibc-hochdruck.de\/wp-content\/uploads\/2024\/05\/Kommunal.png\",\"contentUrl\":\"https:\/\/www.ibc-hochdruck.de\/wp-content\/uploads\/2024\/05\/Kommunal.png\",\"width\":698,\"height\":698},{\"@type\":\"BreadcrumbList\",\"@id\":\"https:\/\/www.ibc-hochdruck.de\/en\/produkt\/ibc-municipal#breadcrumb\",\"itemListElement\":[{\"@type\":\"ListItem\",\"position\":1,\"name\":\"Startseite\",\"item\":\"https:\/\/www.ibc-hochdruck.de\/en?page_id=17969\"},{\"@type\":\"ListItem\",\"position\":2,\"name\":\"Shop\",\"item\":\"https:\/\/www.ibc-hochdruck.de\/en\/shop\"},{\"@type\":\"ListItem\",\"position\":3,\"name\":\"IBC Municipal\"}]},{\"@type\":\"WebSite\",\"@id\":\"https:\/\/www.ibc-hochdruck.de\/en#website\",\"url\":\"https:\/\/www.ibc-hochdruck.de\/en\",\"name\":\"IBC Hochdruck- und Bew\u00e4sserungssysteme\",\"description\":\"Mobile Hochdruckreiniger f\u00fcr vielf\u00e4ltige Einsatzzwecke\",\"publisher\":{\"@id\":\"https:\/\/www.ibc-hochdruck.de\/en#organization\"},\"potentialAction\":[{\"@type\":\"SearchAction\",\"target\":{\"@type\":\"EntryPoint\",\"urlTemplate\":\"https:\/\/www.ibc-hochdruck.de\/en?s={search_term_string}\"},\"query-input\":{\"@type\":\"PropertyValueSpecification\",\"valueRequired\":true,\"valueName\":\"search_term_string\"}}],\"inLanguage\":\"en-US\"},{\"@type\":\"Organization\",\"@id\":\"https:\/\/www.ibc-hochdruck.de\/en#organization\",\"name\":\"IBC Hochdruck- und Bew\u00e4sserungssysteme\",\"url\":\"https:\/\/www.ibc-hochdruck.de\/en\",\"logo\":{\"@type\":\"ImageObject\",\"inLanguage\":\"en-US\",\"@id\":\"https:\/\/www.ibc-hochdruck.de\/en#\/schema\/logo\/image\/\",\"url\":\"https:\/\/www.ibc-hochdruck.de\/wp-content\/uploads\/2024\/04\/cropped-Favicon_IBC_Hochdruck_Logo_Negativ.png\",\"contentUrl\":\"https:\/\/www.ibc-hochdruck.de\/wp-content\/uploads\/2024\/04\/cropped-Favicon_IBC_Hochdruck_Logo_Negativ.png\",\"width\":512,\"height\":512,\"caption\":\"IBC Hochdruck- und Bew\u00e4sserungssysteme\"},\"image\":{\"@id\":\"https:\/\/www.ibc-hochdruck.de\/en#\/schema\/logo\/image\/\"},\"sameAs\":[\"https:\/\/www.facebook.com\/ibchochdruck\",\"https:\/\/www.instagram.com\/ibchochdruck\/\",\"https:\/\/www.youtube.com\/@ibc-hochdruck\",\"https:\/\/www.tiktok.com\/@ibchochdruck\"]}]}<\/script>\n<!-- \/ Yoast SEO plugin. -->","yoast_head_json":{"title":"\ud83d\ude9b IBC Kommunal - Mobile high-pressure cleaner for municipalities","description":"The IBC municipal system is specially designed for road and surface cleaning. With high mobility and flexibility, it offers powerful performance for highways and urban areas. Thanks to its modular attachment options and versatile accessories, it is ideal for municipal operations.","robots":{"index":"index","follow":"follow","max-snippet":"max-snippet:-1","max-image-preview":"max-image-preview:large","max-video-preview":"max-video-preview:-1"},"canonical":"https:\/\/www.ibc-hochdruck.de\/en\/produkt\/ibc-municipal","og_locale":"en_US","og_type":"article","og_title":"\ud83d\ude9b IBC Kommunal - Mobile high-pressure cleaner for municipalities","og_description":"The IBC municipal system is specially designed for road and surface cleaning. With high mobility and flexibility, it offers powerful performance for highways and urban areas. Thanks to its modular attachment options and versatile accessories, it is ideal for municipal operations.","og_url":"https:\/\/www.ibc-hochdruck.de\/en\/produkt\/ibc-municipal","og_site_name":"IBC Hochdruck- und Bew\u00e4sserungssysteme","article_publisher":"https:\/\/www.facebook.com\/ibchochdruck","article_modified_time":"2025-07-21T13:48:23+00:00","og_image":[{"width":698,"height":698,"url":"https:\/\/www.ibc-hochdruck.de\/wp-content\/uploads\/2024\/05\/Kommunal.png","type":"image\/png"}],"twitter_card":"summary_large_image","twitter_misc":{"Est. reading time":"1 minute"},"schema":{"@context":"https:\/\/schema.org","@graph":[{"@type":"WebPage","@id":"https:\/\/www.ibc-hochdruck.de\/en\/produkt\/ibc-municipal","url":"https:\/\/www.ibc-hochdruck.de\/en\/produkt\/ibc-municipal","name":"\ud83d\ude9b IBC Kommunal - Mobile high-pressure cleaner for municipalities","isPartOf":{"@id":"https:\/\/www.ibc-hochdruck.de\/en#website"},"primaryImageOfPage":{"@id":"https:\/\/www.ibc-hochdruck.de\/en\/produkt\/ibc-municipal#primaryimage"},"image":{"@id":"https:\/\/www.ibc-hochdruck.de\/en\/produkt\/ibc-municipal#primaryimage"},"thumbnailUrl":"https:\/\/www.ibc-hochdruck.de\/wp-content\/uploads\/2024\/05\/Kommunal.png","datePublished":"2024-05-02T19:36:26+00:00","dateModified":"2025-07-21T13:48:23+00:00","description":"The IBC municipal system is specially designed for road and surface cleaning. With high mobility and flexibility, it offers powerful performance for highways and urban areas. Thanks to its modular attachment options and versatile accessories, it is ideal for municipal operations.","breadcrumb":{"@id":"https:\/\/www.ibc-hochdruck.de\/en\/produkt\/ibc-municipal#breadcrumb"},"inLanguage":"en-US","potentialAction":[{"@type":"ReadAction","target":["https:\/\/www.ibc-hochdruck.de\/en\/produkt\/ibc-municipal"]}]},{"@type":"ImageObject","inLanguage":"en-US","@id":"https:\/\/www.ibc-hochdruck.de\/en\/produkt\/ibc-municipal#primaryimage","url":"https:\/\/www.ibc-hochdruck.de\/wp-content\/uploads\/2024\/05\/Kommunal.png","contentUrl":"https:\/\/www.ibc-hochdruck.de\/wp-content\/uploads\/2024\/05\/Kommunal.png","width":698,"height":698},{"@type":"BreadcrumbList","@id":"https:\/\/www.ibc-hochdruck.de\/en\/produkt\/ibc-municipal#breadcrumb","itemListElement":[{"@type":"ListItem","position":1,"name":"Startseite","item":"https:\/\/www.ibc-hochdruck.de\/en?page_id=17969"},{"@type":"ListItem","position":2,"name":"Shop","item":"https:\/\/www.ibc-hochdruck.de\/en\/shop"},{"@type":"ListItem","position":3,"name":"IBC Municipal"}]},{"@type":"WebSite","@id":"https:\/\/www.ibc-hochdruck.de\/en#website","url":"https:\/\/www.ibc-hochdruck.de\/en","name":"IBC Hochdruck- und Bew\u00e4sserungssysteme","description":"Mobile Hochdruckreiniger f\u00fcr vielf\u00e4ltige Einsatzzwecke","publisher":{"@id":"https:\/\/www.ibc-hochdruck.de\/en#organization"},"potentialAction":[{"@type":"SearchAction","target":{"@type":"EntryPoint","urlTemplate":"https:\/\/www.ibc-hochdruck.de\/en?s={search_term_string}"},"query-input":{"@type":"PropertyValueSpecification","valueRequired":true,"valueName":"search_term_string"}}],"inLanguage":"en-US"},{"@type":"Organization","@id":"https:\/\/www.ibc-hochdruck.de\/en#organization","name":"IBC Hochdruck- und Bew\u00e4sserungssysteme","url":"https:\/\/www.ibc-hochdruck.de\/en","logo":{"@type":"ImageObject","inLanguage":"en-US","@id":"https:\/\/www.ibc-hochdruck.de\/en#\/schema\/logo\/image\/","url":"https:\/\/www.ibc-hochdruck.de\/wp-content\/uploads\/2024\/04\/cropped-Favicon_IBC_Hochdruck_Logo_Negativ.png","contentUrl":"https:\/\/www.ibc-hochdruck.de\/wp-content\/uploads\/2024\/04\/cropped-Favicon_IBC_Hochdruck_Logo_Negativ.png","width":512,"height":512,"caption":"IBC Hochdruck- und Bew\u00e4sserungssysteme"},"image":{"@id":"https:\/\/www.ibc-hochdruck.de\/en#\/schema\/logo\/image\/"},"sameAs":["https:\/\/www.facebook.com\/ibchochdruck","https:\/\/www.instagram.com\/ibchochdruck\/","https:\/\/www.youtube.com\/@ibc-hochdruck","https:\/\/www.tiktok.com\/@ibchochdruck"]}]}},"_links":{"self":[{"href":"https:\/\/www.ibc-hochdruck.de\/en\/wp-json\/wp\/v2\/product\/18169","targetHints":{"allow":["GET"]}}],"collection":[{"href":"https:\/\/www.ibc-hochdruck.de\/en\/wp-json\/wp\/v2\/product"}],"about":[{"href":"https:\/\/www.ibc-hochdruck.de\/en\/wp-json\/wp\/v2\/types\/product"}],"version-history":[{"count":1,"href":"https:\/\/www.ibc-hochdruck.de\/en\/wp-json\/wp\/v2\/product\/18169\/revisions"}],"predecessor-version":[{"id":18171,"href":"https:\/\/www.ibc-hochdruck.de\/en\/wp-json\/wp\/v2\/product\/18169\/revisions\/18171"}],"wp:featuredmedia":[{"embeddable":true,"href":"https:\/\/www.ibc-hochdruck.de\/en\/wp-json\/wp\/v2\/media\/15937"}],"wp:attachment":[{"href":"https:\/\/www.ibc-hochdruck.de\/en\/wp-json\/wp\/v2\/media?parent=18169"}],"wp:term":[{"taxonomy":"product_brand","embeddable":true,"href":"https:\/\/www.ibc-hochdruck.de\/en\/wp-json\/wp\/v2\/product_brand?post=18169"},{"taxonomy":"product_cat","embeddable":true,"href":"https:\/\/www.ibc-hochdruck.de\/en\/wp-json\/wp\/v2\/product_cat?post=18169"},{"taxonomy":"product_tag","embeddable":true,"href":"https:\/\/www.ibc-hochdruck.de\/en\/wp-json\/wp\/v2\/product_tag?post=18169"}],"curies":[{"name":"wp","href":"https:\/\/api.w.org\/{rel}","templated":true}]}}