{"id":18183,"date":"2024-05-02T21:26:15","date_gmt":"2024-05-02T19:26:15","guid":{"rendered":"https:\/\/www.ibc-hochdruck.de\/produkt\/ibc-fire-brigade-fire-forest"},"modified":"2025-07-21T15:48:32","modified_gmt":"2025-07-21T13:48:32","slug":"ibc-fire-brigade-fire-forest","status":"publish","type":"product","link":"https:\/\/www.ibc-hochdruck.de\/en\/produkt\/ibc-fire-brigade-fire-forest","title":{"rendered":"IBC Fire Brigade \/ Fire Forest"},"content":{"rendered":"<p><strong>Performance data<\/strong><br \/>\n&#8211; Engine: petrol<br \/>\n&#8211; Working pressure: 230 bar<br \/>\n&#8211; Maximum pressure: 260 bar<br \/>\n&#8211; Maximum flow rate: 16 l\/min<br \/>\n&#8211; Maximum inlet temperature: 60 \u00b0C<\/p>\n<p><strong>Noise emission<\/strong><br \/>\n&#8211; Sound pressure level: 88.6 dB(A)<br \/>\n&#8211; Sound power level: 103 dB(A)<\/p>\n<p><strong>Dimensions and weights<\/strong><br \/>\n&#8211; L x W x H: 1850 x 1040 x 1500 mm<br \/>\n&#8211; Weight: empty: approx. 275 kg &#8211; full: approx. 1300 kg<\/p>\n<p><strong>Scope of delivery<\/strong><br \/>\n&#8211; 500 or 1000 l water tank<br \/>\n&#8211; 20 m hose reel (optional<br \/>\nup to 100 m available)<br \/>\n&#8211; IBC tank with UV protection<br \/>\n&#8211; High-pressure gun with quick-change system<br \/>\n&#8211; Curved lance with dirt cutter<br \/>\n&#8211; Curved lance with flat jet nozzle<br \/>\n&#8211; IBC firefighting tool (spray and full jet lance)<br \/>\n&#8211; 20 l fuel canister with tank nozzle<br \/>\n&#8211; Optional: Foam and wetting agent admixture possible<br \/>\n&#8211; Hot-dip galvanized base frame (additionally painted in individual RAL color on request)<\/p>\n","protected":false},"excerpt":{"rendered":"<p class=\"p1\">IBC-FIRE BRIGADE \/ IBC-FOREST-FIRE-SYSTEM<\/p>\n<p>&#8230;is the latest innovation in forest firefighting on rough terrain. Thanks to its unique combination of 1000 l tank, high-pressure pump with 20 m hose and helicopter attachment, it can be used anywhere. The crane attachment eye enables the helicopter to pick up the system and transport it to the source of the fire.   The self-sufficient system ensures an independent water supply for 1 \u00bc hours. The 20 m long hose on the hose reel, combined with the 100 m long hose on the trolley, is easy to lay through the forest area and enables an extended range of the system. IBC Forest Fire System is the perfect solution to achieve a higher penetration depth of extinguishing water in moorland and rough terrain. The system works with 230 bar variably adjustable high pressure. The simple hose laying is a major advantage over other systems. One team of two people is sufficient to lay the 100 m hose. The high-pressure gun with variably adjustable pressure and the firefighting tool enables a high water throw range with spray and full jet.      <\/p>\n","protected":false},"featured_media":15936,"template":"","meta":[],"product_brand":[],"product_cat":[123,133,115],"product_tag":[],"class_list":{"0":"post-18183","1":"product","2":"type-product","3":"status-publish","4":"has-post-thumbnail","6":"product_cat-all-products","7":"product_cat-fire-department","8":"product_cat-nicht-kategorisiert","10":"first","11":"instock","12":"purchasable","13":"product-type-variable"},"yoast_head":"<!-- This site is optimized with the Yoast SEO plugin v26.8 - https:\/\/yoast.com\/product\/yoast-seo-wordpress\/ -->\n<title>\ud83d\ude92 IBC Fire Forest - high-pressure extinguishing system for forest fires<\/title>\n<meta name=\"description\" content=\"Mobile solution for fighting forest fires in areas that are difficult to access. With a 1000-liter tank, high-pressure pump and 20 m hose, the system is ready for immediate use and enables extended reach by helicopter or crane.\" \/>\n<meta name=\"robots\" content=\"index, follow, max-snippet:-1, max-image-preview:large, max-video-preview:-1\" \/>\n<link rel=\"canonical\" href=\"https:\/\/www.ibc-hochdruck.de\/en\/produkt\/ibc-fire-brigade-fire-forest\" \/>\n<meta property=\"og:locale\" content=\"en_US\" \/>\n<meta property=\"og:type\" content=\"article\" \/>\n<meta property=\"og:title\" content=\"\ud83d\ude92 IBC Fire Forest - high-pressure extinguishing system for forest fires\" \/>\n<meta property=\"og:description\" content=\"Mobile solution for fighting forest fires in areas that are difficult to access. With a 1000-liter tank, high-pressure pump and 20 m hose, the system is ready for immediate use and enables extended reach by helicopter or crane.\" \/>\n<meta property=\"og:url\" content=\"https:\/\/www.ibc-hochdruck.de\/en\/produkt\/ibc-fire-brigade-fire-forest\" \/>\n<meta property=\"og:site_name\" content=\"IBC Hochdruck- und Bew\u00e4sserungssysteme\" \/>\n<meta property=\"article:publisher\" content=\"https:\/\/www.facebook.com\/ibchochdruck\" \/>\n<meta property=\"article:modified_time\" content=\"2025-07-21T13:48:32+00:00\" \/>\n<meta property=\"og:image\" content=\"https:\/\/www.ibc-hochdruck.de\/wp-content\/uploads\/2024\/05\/FireForest.png\" \/>\n\t<meta property=\"og:image:width\" content=\"692\" \/>\n\t<meta property=\"og:image:height\" content=\"692\" \/>\n\t<meta property=\"og:image:type\" content=\"image\/png\" \/>\n<meta name=\"twitter:card\" content=\"summary_large_image\" \/>\n<meta name=\"twitter:label1\" content=\"Est. reading time\" \/>\n\t<meta name=\"twitter:data1\" content=\"1 minute\" \/>\n<script type=\"application\/ld+json\" class=\"yoast-schema-graph\">{\"@context\":\"https:\/\/schema.org\",\"@graph\":[{\"@type\":\"WebPage\",\"@id\":\"https:\/\/www.ibc-hochdruck.de\/en\/produkt\/ibc-fire-brigade-fire-forest\",\"url\":\"https:\/\/www.ibc-hochdruck.de\/en\/produkt\/ibc-fire-brigade-fire-forest\",\"name\":\"\ud83d\ude92 IBC Fire Forest - high-pressure extinguishing system for forest fires\",\"isPartOf\":{\"@id\":\"https:\/\/www.ibc-hochdruck.de\/en#website\"},\"primaryImageOfPage\":{\"@id\":\"https:\/\/www.ibc-hochdruck.de\/en\/produkt\/ibc-fire-brigade-fire-forest#primaryimage\"},\"image\":{\"@id\":\"https:\/\/www.ibc-hochdruck.de\/en\/produkt\/ibc-fire-brigade-fire-forest#primaryimage\"},\"thumbnailUrl\":\"https:\/\/www.ibc-hochdruck.de\/wp-content\/uploads\/2024\/05\/FireForest.png\",\"datePublished\":\"2024-05-02T19:26:15+00:00\",\"dateModified\":\"2025-07-21T13:48:32+00:00\",\"description\":\"Mobile solution for fighting forest fires in areas that are difficult to access. With a 1000-liter tank, high-pressure pump and 20 m hose, the system is ready for immediate use and enables extended reach by helicopter or crane.\",\"breadcrumb\":{\"@id\":\"https:\/\/www.ibc-hochdruck.de\/en\/produkt\/ibc-fire-brigade-fire-forest#breadcrumb\"},\"inLanguage\":\"en-US\",\"potentialAction\":[{\"@type\":\"ReadAction\",\"target\":[\"https:\/\/www.ibc-hochdruck.de\/en\/produkt\/ibc-fire-brigade-fire-forest\"]}]},{\"@type\":\"ImageObject\",\"inLanguage\":\"en-US\",\"@id\":\"https:\/\/www.ibc-hochdruck.de\/en\/produkt\/ibc-fire-brigade-fire-forest#primaryimage\",\"url\":\"https:\/\/www.ibc-hochdruck.de\/wp-content\/uploads\/2024\/05\/FireForest.png\",\"contentUrl\":\"https:\/\/www.ibc-hochdruck.de\/wp-content\/uploads\/2024\/05\/FireForest.png\",\"width\":692,\"height\":692},{\"@type\":\"BreadcrumbList\",\"@id\":\"https:\/\/www.ibc-hochdruck.de\/en\/produkt\/ibc-fire-brigade-fire-forest#breadcrumb\",\"itemListElement\":[{\"@type\":\"ListItem\",\"position\":1,\"name\":\"Startseite\",\"item\":\"https:\/\/www.ibc-hochdruck.de\/en?page_id=17969\"},{\"@type\":\"ListItem\",\"position\":2,\"name\":\"Shop\",\"item\":\"https:\/\/www.ibc-hochdruck.de\/en\/shop\"},{\"@type\":\"ListItem\",\"position\":3,\"name\":\"IBC Fire Brigade \/ Fire Forest\"}]},{\"@type\":\"WebSite\",\"@id\":\"https:\/\/www.ibc-hochdruck.de\/en#website\",\"url\":\"https:\/\/www.ibc-hochdruck.de\/en\",\"name\":\"IBC Hochdruck- und Bew\u00e4sserungssysteme\",\"description\":\"Mobile Hochdruckreiniger f\u00fcr vielf\u00e4ltige Einsatzzwecke\",\"publisher\":{\"@id\":\"https:\/\/www.ibc-hochdruck.de\/en#organization\"},\"potentialAction\":[{\"@type\":\"SearchAction\",\"target\":{\"@type\":\"EntryPoint\",\"urlTemplate\":\"https:\/\/www.ibc-hochdruck.de\/en?s={search_term_string}\"},\"query-input\":{\"@type\":\"PropertyValueSpecification\",\"valueRequired\":true,\"valueName\":\"search_term_string\"}}],\"inLanguage\":\"en-US\"},{\"@type\":\"Organization\",\"@id\":\"https:\/\/www.ibc-hochdruck.de\/en#organization\",\"name\":\"IBC Hochdruck- und Bew\u00e4sserungssysteme\",\"url\":\"https:\/\/www.ibc-hochdruck.de\/en\",\"logo\":{\"@type\":\"ImageObject\",\"inLanguage\":\"en-US\",\"@id\":\"https:\/\/www.ibc-hochdruck.de\/en#\/schema\/logo\/image\/\",\"url\":\"https:\/\/www.ibc-hochdruck.de\/wp-content\/uploads\/2024\/04\/cropped-Favicon_IBC_Hochdruck_Logo_Negativ.png\",\"contentUrl\":\"https:\/\/www.ibc-hochdruck.de\/wp-content\/uploads\/2024\/04\/cropped-Favicon_IBC_Hochdruck_Logo_Negativ.png\",\"width\":512,\"height\":512,\"caption\":\"IBC Hochdruck- und Bew\u00e4sserungssysteme\"},\"image\":{\"@id\":\"https:\/\/www.ibc-hochdruck.de\/en#\/schema\/logo\/image\/\"},\"sameAs\":[\"https:\/\/www.facebook.com\/ibchochdruck\",\"https:\/\/www.instagram.com\/ibchochdruck\/\",\"https:\/\/www.youtube.com\/@ibc-hochdruck\",\"https:\/\/www.tiktok.com\/@ibchochdruck\"]}]}<\/script>\n<!-- \/ Yoast SEO plugin. -->","yoast_head_json":{"title":"\ud83d\ude92 IBC Fire Forest - high-pressure extinguishing system for forest fires","description":"Mobile solution for fighting forest fires in areas that are difficult to access. With a 1000-liter tank, high-pressure pump and 20 m hose, the system is ready for immediate use and enables extended reach by helicopter or crane.","robots":{"index":"index","follow":"follow","max-snippet":"max-snippet:-1","max-image-preview":"max-image-preview:large","max-video-preview":"max-video-preview:-1"},"canonical":"https:\/\/www.ibc-hochdruck.de\/en\/produkt\/ibc-fire-brigade-fire-forest","og_locale":"en_US","og_type":"article","og_title":"\ud83d\ude92 IBC Fire Forest - high-pressure extinguishing system for forest fires","og_description":"Mobile solution for fighting forest fires in areas that are difficult to access. With a 1000-liter tank, high-pressure pump and 20 m hose, the system is ready for immediate use and enables extended reach by helicopter or crane.","og_url":"https:\/\/www.ibc-hochdruck.de\/en\/produkt\/ibc-fire-brigade-fire-forest","og_site_name":"IBC Hochdruck- und Bew\u00e4sserungssysteme","article_publisher":"https:\/\/www.facebook.com\/ibchochdruck","article_modified_time":"2025-07-21T13:48:32+00:00","og_image":[{"width":692,"height":692,"url":"https:\/\/www.ibc-hochdruck.de\/wp-content\/uploads\/2024\/05\/FireForest.png","type":"image\/png"}],"twitter_card":"summary_large_image","twitter_misc":{"Est. reading time":"1 minute"},"schema":{"@context":"https:\/\/schema.org","@graph":[{"@type":"WebPage","@id":"https:\/\/www.ibc-hochdruck.de\/en\/produkt\/ibc-fire-brigade-fire-forest","url":"https:\/\/www.ibc-hochdruck.de\/en\/produkt\/ibc-fire-brigade-fire-forest","name":"\ud83d\ude92 IBC Fire Forest - high-pressure extinguishing system for forest fires","isPartOf":{"@id":"https:\/\/www.ibc-hochdruck.de\/en#website"},"primaryImageOfPage":{"@id":"https:\/\/www.ibc-hochdruck.de\/en\/produkt\/ibc-fire-brigade-fire-forest#primaryimage"},"image":{"@id":"https:\/\/www.ibc-hochdruck.de\/en\/produkt\/ibc-fire-brigade-fire-forest#primaryimage"},"thumbnailUrl":"https:\/\/www.ibc-hochdruck.de\/wp-content\/uploads\/2024\/05\/FireForest.png","datePublished":"2024-05-02T19:26:15+00:00","dateModified":"2025-07-21T13:48:32+00:00","description":"Mobile solution for fighting forest fires in areas that are difficult to access. With a 1000-liter tank, high-pressure pump and 20 m hose, the system is ready for immediate use and enables extended reach by helicopter or crane.","breadcrumb":{"@id":"https:\/\/www.ibc-hochdruck.de\/en\/produkt\/ibc-fire-brigade-fire-forest#breadcrumb"},"inLanguage":"en-US","potentialAction":[{"@type":"ReadAction","target":["https:\/\/www.ibc-hochdruck.de\/en\/produkt\/ibc-fire-brigade-fire-forest"]}]},{"@type":"ImageObject","inLanguage":"en-US","@id":"https:\/\/www.ibc-hochdruck.de\/en\/produkt\/ibc-fire-brigade-fire-forest#primaryimage","url":"https:\/\/www.ibc-hochdruck.de\/wp-content\/uploads\/2024\/05\/FireForest.png","contentUrl":"https:\/\/www.ibc-hochdruck.de\/wp-content\/uploads\/2024\/05\/FireForest.png","width":692,"height":692},{"@type":"BreadcrumbList","@id":"https:\/\/www.ibc-hochdruck.de\/en\/produkt\/ibc-fire-brigade-fire-forest#breadcrumb","itemListElement":[{"@type":"ListItem","position":1,"name":"Startseite","item":"https:\/\/www.ibc-hochdruck.de\/en?page_id=17969"},{"@type":"ListItem","position":2,"name":"Shop","item":"https:\/\/www.ibc-hochdruck.de\/en\/shop"},{"@type":"ListItem","position":3,"name":"IBC Fire Brigade \/ Fire Forest"}]},{"@type":"WebSite","@id":"https:\/\/www.ibc-hochdruck.de\/en#website","url":"https:\/\/www.ibc-hochdruck.de\/en","name":"IBC Hochdruck- und Bew\u00e4sserungssysteme","description":"Mobile Hochdruckreiniger f\u00fcr vielf\u00e4ltige Einsatzzwecke","publisher":{"@id":"https:\/\/www.ibc-hochdruck.de\/en#organization"},"potentialAction":[{"@type":"SearchAction","target":{"@type":"EntryPoint","urlTemplate":"https:\/\/www.ibc-hochdruck.de\/en?s={search_term_string}"},"query-input":{"@type":"PropertyValueSpecification","valueRequired":true,"valueName":"search_term_string"}}],"inLanguage":"en-US"},{"@type":"Organization","@id":"https:\/\/www.ibc-hochdruck.de\/en#organization","name":"IBC Hochdruck- und Bew\u00e4sserungssysteme","url":"https:\/\/www.ibc-hochdruck.de\/en","logo":{"@type":"ImageObject","inLanguage":"en-US","@id":"https:\/\/www.ibc-hochdruck.de\/en#\/schema\/logo\/image\/","url":"https:\/\/www.ibc-hochdruck.de\/wp-content\/uploads\/2024\/04\/cropped-Favicon_IBC_Hochdruck_Logo_Negativ.png","contentUrl":"https:\/\/www.ibc-hochdruck.de\/wp-content\/uploads\/2024\/04\/cropped-Favicon_IBC_Hochdruck_Logo_Negativ.png","width":512,"height":512,"caption":"IBC Hochdruck- und Bew\u00e4sserungssysteme"},"image":{"@id":"https:\/\/www.ibc-hochdruck.de\/en#\/schema\/logo\/image\/"},"sameAs":["https:\/\/www.facebook.com\/ibchochdruck","https:\/\/www.instagram.com\/ibchochdruck\/","https:\/\/www.youtube.com\/@ibc-hochdruck","https:\/\/www.tiktok.com\/@ibchochdruck"]}]}},"_links":{"self":[{"href":"https:\/\/www.ibc-hochdruck.de\/en\/wp-json\/wp\/v2\/product\/18183","targetHints":{"allow":["GET"]}}],"collection":[{"href":"https:\/\/www.ibc-hochdruck.de\/en\/wp-json\/wp\/v2\/product"}],"about":[{"href":"https:\/\/www.ibc-hochdruck.de\/en\/wp-json\/wp\/v2\/types\/product"}],"version-history":[{"count":1,"href":"https:\/\/www.ibc-hochdruck.de\/en\/wp-json\/wp\/v2\/product\/18183\/revisions"}],"predecessor-version":[{"id":18184,"href":"https:\/\/www.ibc-hochdruck.de\/en\/wp-json\/wp\/v2\/product\/18183\/revisions\/18184"}],"wp:featuredmedia":[{"embeddable":true,"href":"https:\/\/www.ibc-hochdruck.de\/en\/wp-json\/wp\/v2\/media\/15936"}],"wp:attachment":[{"href":"https:\/\/www.ibc-hochdruck.de\/en\/wp-json\/wp\/v2\/media?parent=18183"}],"wp:term":[{"taxonomy":"product_brand","embeddable":true,"href":"https:\/\/www.ibc-hochdruck.de\/en\/wp-json\/wp\/v2\/product_brand?post=18183"},{"taxonomy":"product_cat","embeddable":true,"href":"https:\/\/www.ibc-hochdruck.de\/en\/wp-json\/wp\/v2\/product_cat?post=18183"},{"taxonomy":"product_tag","embeddable":true,"href":"https:\/\/www.ibc-hochdruck.de\/en\/wp-json\/wp\/v2\/product_tag?post=18183"}],"curies":[{"name":"wp","href":"https:\/\/api.w.org\/{rel}","templated":true}]}}