{"id":18187,"date":"2024-05-02T21:32:17","date_gmt":"2024-05-02T19:32:17","guid":{"rendered":"https:\/\/www.ibc-hochdruck.de\/produkt\/ibc-pickup"},"modified":"2025-07-21T15:48:34","modified_gmt":"2025-07-21T13:48:34","slug":"ibc-pickup","status":"publish","type":"product","link":"https:\/\/www.ibc-hochdruck.de\/en\/produkt\/ibc-pickup","title":{"rendered":"IBC Pickup"},"content":{"rendered":"<p><strong>ALL IBC HIGH-PRESSURE AND IRRIGATION SYSTEMS ARE AVAILABLE AS 500 LITER PICK-UP VERSIONS<\/strong><\/p>\n","protected":false},"excerpt":{"rendered":"<p class=\"p1\">NEW! ALL VARIANTS ALSO AVAILABLE AS PICK-UP VERSION! <\/p>\n<p class=\"p1\">The combination of our powerful IBC high-pressure systems and a pick-up vehicle gives you even more flexibility and application options!<\/p>\n","protected":false},"featured_media":15938,"template":"","meta":[],"product_brand":[],"product_cat":[123,134,115],"product_tag":[],"class_list":{"0":"post-18187","1":"product","2":"type-product","3":"status-publish","4":"has-post-thumbnail","6":"product_cat-all-products","7":"product_cat-pickup-en","8":"product_cat-nicht-kategorisiert","10":"first","11":"instock","12":"purchasable","13":"product-type-variable"},"yoast_head":"<!-- This site is optimized with the Yoast SEO plugin v26.8 - https:\/\/yoast.com\/product\/yoast-seo-wordpress\/ -->\n<title>\ud83d\ude9b IBC Pickup - Flexible high-pressure solutions for any terrain<\/title>\n<meta name=\"description\" content=\"The IBC Pickup System combines powerful high-pressure technology with the mobility of a pickup. Ideal for use in rough terrain, available with different pressure levels and drive types (battery, petrol, diesel) and a 500-liter tank for maximum flexibility and efficiency.\" \/>\n<meta name=\"robots\" content=\"index, follow, max-snippet:-1, max-image-preview:large, max-video-preview:-1\" \/>\n<link rel=\"canonical\" href=\"https:\/\/www.ibc-hochdruck.de\/en\/produkt\/ibc-pickup\" \/>\n<meta property=\"og:locale\" content=\"en_US\" \/>\n<meta property=\"og:type\" content=\"article\" \/>\n<meta property=\"og:title\" content=\"\ud83d\ude9b IBC Pickup - Flexible high-pressure solutions for any terrain\" \/>\n<meta property=\"og:description\" content=\"The IBC Pickup System combines powerful high-pressure technology with the mobility of a pickup. Ideal for use in rough terrain, available with different pressure levels and drive types (battery, petrol, diesel) and a 500-liter tank for maximum flexibility and efficiency.\" \/>\n<meta property=\"og:url\" content=\"https:\/\/www.ibc-hochdruck.de\/en\/produkt\/ibc-pickup\" \/>\n<meta property=\"og:site_name\" content=\"IBC Hochdruck- und Bew\u00e4sserungssysteme\" \/>\n<meta property=\"article:publisher\" content=\"https:\/\/www.facebook.com\/ibchochdruck\" \/>\n<meta property=\"article:modified_time\" content=\"2025-07-21T13:48:34+00:00\" \/>\n<meta property=\"og:image\" content=\"https:\/\/www.ibc-hochdruck.de\/wp-content\/uploads\/2024\/05\/Pickup.png\" \/>\n\t<meta property=\"og:image:width\" content=\"697\" \/>\n\t<meta property=\"og:image:height\" content=\"696\" \/>\n\t<meta property=\"og:image:type\" content=\"image\/png\" \/>\n<meta name=\"twitter:card\" content=\"summary_large_image\" \/>\n<script type=\"application\/ld+json\" class=\"yoast-schema-graph\">{\"@context\":\"https:\/\/schema.org\",\"@graph\":[{\"@type\":\"WebPage\",\"@id\":\"https:\/\/www.ibc-hochdruck.de\/en\/produkt\/ibc-pickup\",\"url\":\"https:\/\/www.ibc-hochdruck.de\/en\/produkt\/ibc-pickup\",\"name\":\"\ud83d\ude9b IBC Pickup - Flexible high-pressure solutions for any terrain\",\"isPartOf\":{\"@id\":\"https:\/\/www.ibc-hochdruck.de\/en#website\"},\"primaryImageOfPage\":{\"@id\":\"https:\/\/www.ibc-hochdruck.de\/en\/produkt\/ibc-pickup#primaryimage\"},\"image\":{\"@id\":\"https:\/\/www.ibc-hochdruck.de\/en\/produkt\/ibc-pickup#primaryimage\"},\"thumbnailUrl\":\"https:\/\/www.ibc-hochdruck.de\/wp-content\/uploads\/2024\/05\/Pickup.png\",\"datePublished\":\"2024-05-02T19:32:17+00:00\",\"dateModified\":\"2025-07-21T13:48:34+00:00\",\"description\":\"The IBC Pickup System combines powerful high-pressure technology with the mobility of a pickup. Ideal for use in rough terrain, available with different pressure levels and drive types (battery, petrol, diesel) and a 500-liter tank for maximum flexibility and efficiency.\",\"breadcrumb\":{\"@id\":\"https:\/\/www.ibc-hochdruck.de\/en\/produkt\/ibc-pickup#breadcrumb\"},\"inLanguage\":\"en-US\",\"potentialAction\":[{\"@type\":\"ReadAction\",\"target\":[\"https:\/\/www.ibc-hochdruck.de\/en\/produkt\/ibc-pickup\"]}]},{\"@type\":\"ImageObject\",\"inLanguage\":\"en-US\",\"@id\":\"https:\/\/www.ibc-hochdruck.de\/en\/produkt\/ibc-pickup#primaryimage\",\"url\":\"https:\/\/www.ibc-hochdruck.de\/wp-content\/uploads\/2024\/05\/Pickup.png\",\"contentUrl\":\"https:\/\/www.ibc-hochdruck.de\/wp-content\/uploads\/2024\/05\/Pickup.png\",\"width\":697,\"height\":696},{\"@type\":\"BreadcrumbList\",\"@id\":\"https:\/\/www.ibc-hochdruck.de\/en\/produkt\/ibc-pickup#breadcrumb\",\"itemListElement\":[{\"@type\":\"ListItem\",\"position\":1,\"name\":\"Startseite\",\"item\":\"https:\/\/www.ibc-hochdruck.de\/en?page_id=17969\"},{\"@type\":\"ListItem\",\"position\":2,\"name\":\"Shop\",\"item\":\"https:\/\/www.ibc-hochdruck.de\/en\/shop\"},{\"@type\":\"ListItem\",\"position\":3,\"name\":\"IBC Pickup\"}]},{\"@type\":\"WebSite\",\"@id\":\"https:\/\/www.ibc-hochdruck.de\/en#website\",\"url\":\"https:\/\/www.ibc-hochdruck.de\/en\",\"name\":\"IBC Hochdruck- und Bew\u00e4sserungssysteme\",\"description\":\"Mobile Hochdruckreiniger f\u00fcr vielf\u00e4ltige Einsatzzwecke\",\"publisher\":{\"@id\":\"https:\/\/www.ibc-hochdruck.de\/en#organization\"},\"potentialAction\":[{\"@type\":\"SearchAction\",\"target\":{\"@type\":\"EntryPoint\",\"urlTemplate\":\"https:\/\/www.ibc-hochdruck.de\/en?s={search_term_string}\"},\"query-input\":{\"@type\":\"PropertyValueSpecification\",\"valueRequired\":true,\"valueName\":\"search_term_string\"}}],\"inLanguage\":\"en-US\"},{\"@type\":\"Organization\",\"@id\":\"https:\/\/www.ibc-hochdruck.de\/en#organization\",\"name\":\"IBC Hochdruck- und Bew\u00e4sserungssysteme\",\"url\":\"https:\/\/www.ibc-hochdruck.de\/en\",\"logo\":{\"@type\":\"ImageObject\",\"inLanguage\":\"en-US\",\"@id\":\"https:\/\/www.ibc-hochdruck.de\/en#\/schema\/logo\/image\/\",\"url\":\"https:\/\/www.ibc-hochdruck.de\/wp-content\/uploads\/2024\/04\/cropped-Favicon_IBC_Hochdruck_Logo_Negativ.png\",\"contentUrl\":\"https:\/\/www.ibc-hochdruck.de\/wp-content\/uploads\/2024\/04\/cropped-Favicon_IBC_Hochdruck_Logo_Negativ.png\",\"width\":512,\"height\":512,\"caption\":\"IBC Hochdruck- und Bew\u00e4sserungssysteme\"},\"image\":{\"@id\":\"https:\/\/www.ibc-hochdruck.de\/en#\/schema\/logo\/image\/\"},\"sameAs\":[\"https:\/\/www.facebook.com\/ibchochdruck\",\"https:\/\/www.instagram.com\/ibchochdruck\/\",\"https:\/\/www.youtube.com\/@ibc-hochdruck\",\"https:\/\/www.tiktok.com\/@ibchochdruck\"]}]}<\/script>\n<!-- \/ Yoast SEO plugin. -->","yoast_head_json":{"title":"\ud83d\ude9b IBC Pickup - Flexible high-pressure solutions for any terrain","description":"The IBC Pickup System combines powerful high-pressure technology with the mobility of a pickup. Ideal for use in rough terrain, available with different pressure levels and drive types (battery, petrol, diesel) and a 500-liter tank for maximum flexibility and efficiency.","robots":{"index":"index","follow":"follow","max-snippet":"max-snippet:-1","max-image-preview":"max-image-preview:large","max-video-preview":"max-video-preview:-1"},"canonical":"https:\/\/www.ibc-hochdruck.de\/en\/produkt\/ibc-pickup","og_locale":"en_US","og_type":"article","og_title":"\ud83d\ude9b IBC Pickup - Flexible high-pressure solutions for any terrain","og_description":"The IBC Pickup System combines powerful high-pressure technology with the mobility of a pickup. Ideal for use in rough terrain, available with different pressure levels and drive types (battery, petrol, diesel) and a 500-liter tank for maximum flexibility and efficiency.","og_url":"https:\/\/www.ibc-hochdruck.de\/en\/produkt\/ibc-pickup","og_site_name":"IBC Hochdruck- und Bew\u00e4sserungssysteme","article_publisher":"https:\/\/www.facebook.com\/ibchochdruck","article_modified_time":"2025-07-21T13:48:34+00:00","og_image":[{"width":697,"height":696,"url":"https:\/\/www.ibc-hochdruck.de\/wp-content\/uploads\/2024\/05\/Pickup.png","type":"image\/png"}],"twitter_card":"summary_large_image","schema":{"@context":"https:\/\/schema.org","@graph":[{"@type":"WebPage","@id":"https:\/\/www.ibc-hochdruck.de\/en\/produkt\/ibc-pickup","url":"https:\/\/www.ibc-hochdruck.de\/en\/produkt\/ibc-pickup","name":"\ud83d\ude9b IBC Pickup - Flexible high-pressure solutions for any terrain","isPartOf":{"@id":"https:\/\/www.ibc-hochdruck.de\/en#website"},"primaryImageOfPage":{"@id":"https:\/\/www.ibc-hochdruck.de\/en\/produkt\/ibc-pickup#primaryimage"},"image":{"@id":"https:\/\/www.ibc-hochdruck.de\/en\/produkt\/ibc-pickup#primaryimage"},"thumbnailUrl":"https:\/\/www.ibc-hochdruck.de\/wp-content\/uploads\/2024\/05\/Pickup.png","datePublished":"2024-05-02T19:32:17+00:00","dateModified":"2025-07-21T13:48:34+00:00","description":"The IBC Pickup System combines powerful high-pressure technology with the mobility of a pickup. Ideal for use in rough terrain, available with different pressure levels and drive types (battery, petrol, diesel) and a 500-liter tank for maximum flexibility and efficiency.","breadcrumb":{"@id":"https:\/\/www.ibc-hochdruck.de\/en\/produkt\/ibc-pickup#breadcrumb"},"inLanguage":"en-US","potentialAction":[{"@type":"ReadAction","target":["https:\/\/www.ibc-hochdruck.de\/en\/produkt\/ibc-pickup"]}]},{"@type":"ImageObject","inLanguage":"en-US","@id":"https:\/\/www.ibc-hochdruck.de\/en\/produkt\/ibc-pickup#primaryimage","url":"https:\/\/www.ibc-hochdruck.de\/wp-content\/uploads\/2024\/05\/Pickup.png","contentUrl":"https:\/\/www.ibc-hochdruck.de\/wp-content\/uploads\/2024\/05\/Pickup.png","width":697,"height":696},{"@type":"BreadcrumbList","@id":"https:\/\/www.ibc-hochdruck.de\/en\/produkt\/ibc-pickup#breadcrumb","itemListElement":[{"@type":"ListItem","position":1,"name":"Startseite","item":"https:\/\/www.ibc-hochdruck.de\/en?page_id=17969"},{"@type":"ListItem","position":2,"name":"Shop","item":"https:\/\/www.ibc-hochdruck.de\/en\/shop"},{"@type":"ListItem","position":3,"name":"IBC Pickup"}]},{"@type":"WebSite","@id":"https:\/\/www.ibc-hochdruck.de\/en#website","url":"https:\/\/www.ibc-hochdruck.de\/en","name":"IBC Hochdruck- und Bew\u00e4sserungssysteme","description":"Mobile Hochdruckreiniger f\u00fcr vielf\u00e4ltige Einsatzzwecke","publisher":{"@id":"https:\/\/www.ibc-hochdruck.de\/en#organization"},"potentialAction":[{"@type":"SearchAction","target":{"@type":"EntryPoint","urlTemplate":"https:\/\/www.ibc-hochdruck.de\/en?s={search_term_string}"},"query-input":{"@type":"PropertyValueSpecification","valueRequired":true,"valueName":"search_term_string"}}],"inLanguage":"en-US"},{"@type":"Organization","@id":"https:\/\/www.ibc-hochdruck.de\/en#organization","name":"IBC Hochdruck- und Bew\u00e4sserungssysteme","url":"https:\/\/www.ibc-hochdruck.de\/en","logo":{"@type":"ImageObject","inLanguage":"en-US","@id":"https:\/\/www.ibc-hochdruck.de\/en#\/schema\/logo\/image\/","url":"https:\/\/www.ibc-hochdruck.de\/wp-content\/uploads\/2024\/04\/cropped-Favicon_IBC_Hochdruck_Logo_Negativ.png","contentUrl":"https:\/\/www.ibc-hochdruck.de\/wp-content\/uploads\/2024\/04\/cropped-Favicon_IBC_Hochdruck_Logo_Negativ.png","width":512,"height":512,"caption":"IBC Hochdruck- und Bew\u00e4sserungssysteme"},"image":{"@id":"https:\/\/www.ibc-hochdruck.de\/en#\/schema\/logo\/image\/"},"sameAs":["https:\/\/www.facebook.com\/ibchochdruck","https:\/\/www.instagram.com\/ibchochdruck\/","https:\/\/www.youtube.com\/@ibc-hochdruck","https:\/\/www.tiktok.com\/@ibchochdruck"]}]}},"_links":{"self":[{"href":"https:\/\/www.ibc-hochdruck.de\/en\/wp-json\/wp\/v2\/product\/18187","targetHints":{"allow":["GET"]}}],"collection":[{"href":"https:\/\/www.ibc-hochdruck.de\/en\/wp-json\/wp\/v2\/product"}],"about":[{"href":"https:\/\/www.ibc-hochdruck.de\/en\/wp-json\/wp\/v2\/types\/product"}],"version-history":[{"count":1,"href":"https:\/\/www.ibc-hochdruck.de\/en\/wp-json\/wp\/v2\/product\/18187\/revisions"}],"predecessor-version":[{"id":18191,"href":"https:\/\/www.ibc-hochdruck.de\/en\/wp-json\/wp\/v2\/product\/18187\/revisions\/18191"}],"wp:featuredmedia":[{"embeddable":true,"href":"https:\/\/www.ibc-hochdruck.de\/en\/wp-json\/wp\/v2\/media\/15938"}],"wp:attachment":[{"href":"https:\/\/www.ibc-hochdruck.de\/en\/wp-json\/wp\/v2\/media?parent=18187"}],"wp:term":[{"taxonomy":"product_brand","embeddable":true,"href":"https:\/\/www.ibc-hochdruck.de\/en\/wp-json\/wp\/v2\/product_brand?post=18187"},{"taxonomy":"product_cat","embeddable":true,"href":"https:\/\/www.ibc-hochdruck.de\/en\/wp-json\/wp\/v2\/product_cat?post=18187"},{"taxonomy":"product_tag","embeddable":true,"href":"https:\/\/www.ibc-hochdruck.de\/en\/wp-json\/wp\/v2\/product_tag?post=18187"}],"curies":[{"name":"wp","href":"https:\/\/api.w.org\/{rel}","templated":true}]}}