{"id":18206,"date":"2025-06-21T13:27:27","date_gmt":"2025-06-21T11:27:27","guid":{"rendered":"https:\/\/www.ibc-hochdruck.de\/produkt\/ibc-military-our-high-pressure-systems-for-military-use"},"modified":"2025-07-21T15:49:27","modified_gmt":"2025-07-21T13:49:27","slug":"ibc-military-our-high-pressure-systems-for-military-use","status":"publish","type":"product","link":"https:\/\/www.ibc-hochdruck.de\/en\/produkt\/ibc-military-our-high-pressure-systems-for-military-use","title":{"rendered":"IBC Military &#8211; our high-pressure systems for military use"},"content":{"rendered":"<p data-start=\"1810\" data-end=\"2023\">Whether on maneuvers, abroad or at home &#8211; IBC high-pressure systems do their job where infrastructure is lacking. They ensure that your vehicles remain clean and functional. <\/p>\n<p data-start=\"1810\" data-end=\"2023\">\n<p data-start=\"2025\" data-end=\"2072\"><strong data-start=\"2025\" data-end=\"2070\">Example scenarios:<\/strong><\/p>\n<ul data-start=\"2073\" data-end=\"2188\">\n<li data-start=\"2073\" data-end=\"2108\">\n<p data-start=\"2075\" data-end=\"2108\">Cleaning after off-road maneuvers<\/p>\n<\/li>\n<li data-start=\"2109\" data-end=\"2151\">\n<p data-start=\"2111\" data-end=\"2151\">Desludging on military training areas<\/p>\n<\/li>\n<li data-start=\"2152\" data-end=\"2188\">\n<p data-start=\"2154\" data-end=\"2188\">Intermediate cleaning in mobile camps<\/p>\n<\/li>\n<\/ul>\n<p>&nbsp;<\/p>\n<p data-start=\"1278\" data-end=\"1323\"><strong data-start=\"1294\" data-end=\"1323\">Your advantages in use:<\/strong><\/p>\n<ul data-start=\"1397\" data-end=\"1695\">\n<li data-start=\"1397\" data-end=\"1469\">\n<p data-start=\"1399\" data-end=\"1469\"><strong data-start=\"1399\" data-end=\"1415\">100% mobile:<\/strong> cleaning directly in the field or on the training ground<\/p>\n<\/li>\n<li data-start=\"1470\" data-end=\"1547\">\n<p data-start=\"1472\" data-end=\"1547\"><strong data-start=\"1472\" data-end=\"1491\">Powerful:<\/strong> removes even stubborn dirt such as mud and oil<\/p>\n<\/li>\n<li data-start=\"1548\" data-end=\"1618\">\n<p data-start=\"1550\" data-end=\"1618\"><strong data-start=\"1550\" data-end=\"1566\">Time-saving:<\/strong> vehicles and equipment quickly ready for use again<\/p>\n<\/li>\n<li data-start=\"1619\" data-end=\"1695\">\n<p data-start=\"1621\" data-end=\"1695\"><strong data-start=\"1621\" data-end=\"1632\">Safe:<\/strong> Reduces corrosion and wear through regular cleaning<\/p>\n<\/li>\n<\/ul>\n","protected":false},"excerpt":{"rendered":"<p data-start=\"322\" data-end=\"410\"><strong>Fast and effective cleaning &#8211; even without water and power supply.<\/strong><\/p>\n<p data-start=\"758\" data-end=\"989\">Every detail counts in the field. Dirty vehicles and equipment can delay the next job. Our mobile high-pressure systems provide a remedy &#8211; wherever there is no water tap or power socket in sight.  <\/p>\n","protected":false},"featured_media":17139,"template":"","meta":[],"product_brand":[],"product_cat":[123,135],"product_tag":[],"class_list":{"0":"post-18206","1":"product","2":"type-product","3":"status-publish","4":"has-post-thumbnail","6":"product_cat-all-products","7":"product_cat-ibc-military","9":"first","10":"instock","11":"purchasable","12":"product-type-simple"},"yoast_head":"<!-- This site is optimized with the Yoast SEO plugin v26.8 - https:\/\/yoast.com\/product\/yoast-seo-wordpress\/ -->\n<title>IBC Military - our high-pressure systems for military use<\/title>\n<meta name=\"description\" content=\"Every detail counts in military operations. Dirty vehicles and equipment can delay the next mission. Our mobile high-pressure systems can help.\" \/>\n<meta name=\"robots\" content=\"index, follow, max-snippet:-1, max-image-preview:large, max-video-preview:-1\" \/>\n<link rel=\"canonical\" href=\"https:\/\/www.ibc-hochdruck.de\/en\/produkt\/ibc-military-our-high-pressure-systems-for-military-use\" \/>\n<meta property=\"og:locale\" content=\"en_US\" \/>\n<meta property=\"og:type\" content=\"article\" \/>\n<meta property=\"og:title\" content=\"IBC Military - our high-pressure systems for military use\" \/>\n<meta property=\"og:description\" content=\"Every detail counts in military operations. Dirty vehicles and equipment can delay the next mission. Our mobile high-pressure systems can help.\" \/>\n<meta property=\"og:url\" content=\"https:\/\/www.ibc-hochdruck.de\/en\/produkt\/ibc-military-our-high-pressure-systems-for-military-use\" \/>\n<meta property=\"og:site_name\" content=\"IBC Hochdruck- und Bew\u00e4sserungssysteme\" \/>\n<meta property=\"article:publisher\" content=\"https:\/\/www.facebook.com\/ibchochdruck\" \/>\n<meta property=\"article:modified_time\" content=\"2025-07-21T13:49:27+00:00\" \/>\n<meta property=\"og:image\" content=\"https:\/\/www.ibc-hochdruck.de\/wp-content\/uploads\/2025\/06\/Militaer.jpg\" \/>\n\t<meta property=\"og:image:width\" content=\"692\" \/>\n\t<meta property=\"og:image:height\" content=\"692\" \/>\n\t<meta property=\"og:image:type\" content=\"image\/jpeg\" \/>\n<meta name=\"twitter:card\" content=\"summary_large_image\" \/>\n<script type=\"application\/ld+json\" class=\"yoast-schema-graph\">{\"@context\":\"https:\/\/schema.org\",\"@graph\":[{\"@type\":\"WebPage\",\"@id\":\"https:\/\/www.ibc-hochdruck.de\/en\/produkt\/ibc-military-our-high-pressure-systems-for-military-use\",\"url\":\"https:\/\/www.ibc-hochdruck.de\/en\/produkt\/ibc-military-our-high-pressure-systems-for-military-use\",\"name\":\"IBC Military - our high-pressure systems for military use\",\"isPartOf\":{\"@id\":\"https:\/\/www.ibc-hochdruck.de\/en#website\"},\"primaryImageOfPage\":{\"@id\":\"https:\/\/www.ibc-hochdruck.de\/en\/produkt\/ibc-military-our-high-pressure-systems-for-military-use#primaryimage\"},\"image\":{\"@id\":\"https:\/\/www.ibc-hochdruck.de\/en\/produkt\/ibc-military-our-high-pressure-systems-for-military-use#primaryimage\"},\"thumbnailUrl\":\"https:\/\/www.ibc-hochdruck.de\/wp-content\/uploads\/2025\/06\/Militaer.jpg\",\"datePublished\":\"2025-06-21T11:27:27+00:00\",\"dateModified\":\"2025-07-21T13:49:27+00:00\",\"description\":\"Every detail counts in military operations. Dirty vehicles and equipment can delay the next mission. Our mobile high-pressure systems can help.\",\"breadcrumb\":{\"@id\":\"https:\/\/www.ibc-hochdruck.de\/en\/produkt\/ibc-military-our-high-pressure-systems-for-military-use#breadcrumb\"},\"inLanguage\":\"en-US\",\"potentialAction\":[{\"@type\":\"ReadAction\",\"target\":[\"https:\/\/www.ibc-hochdruck.de\/en\/produkt\/ibc-military-our-high-pressure-systems-for-military-use\"]}]},{\"@type\":\"ImageObject\",\"inLanguage\":\"en-US\",\"@id\":\"https:\/\/www.ibc-hochdruck.de\/en\/produkt\/ibc-military-our-high-pressure-systems-for-military-use#primaryimage\",\"url\":\"https:\/\/www.ibc-hochdruck.de\/wp-content\/uploads\/2025\/06\/Militaer.jpg\",\"contentUrl\":\"https:\/\/www.ibc-hochdruck.de\/wp-content\/uploads\/2025\/06\/Militaer.jpg\",\"width\":692,\"height\":692},{\"@type\":\"BreadcrumbList\",\"@id\":\"https:\/\/www.ibc-hochdruck.de\/en\/produkt\/ibc-military-our-high-pressure-systems-for-military-use#breadcrumb\",\"itemListElement\":[{\"@type\":\"ListItem\",\"position\":1,\"name\":\"Startseite\",\"item\":\"https:\/\/www.ibc-hochdruck.de\/en?page_id=17969\"},{\"@type\":\"ListItem\",\"position\":2,\"name\":\"Shop\",\"item\":\"https:\/\/www.ibc-hochdruck.de\/en\/shop\"},{\"@type\":\"ListItem\",\"position\":3,\"name\":\"IBC Military &#8211; our high-pressure systems for military use\"}]},{\"@type\":\"WebSite\",\"@id\":\"https:\/\/www.ibc-hochdruck.de\/en#website\",\"url\":\"https:\/\/www.ibc-hochdruck.de\/en\",\"name\":\"IBC Hochdruck- und Bew\u00e4sserungssysteme\",\"description\":\"Mobile Hochdruckreiniger f\u00fcr vielf\u00e4ltige Einsatzzwecke\",\"publisher\":{\"@id\":\"https:\/\/www.ibc-hochdruck.de\/en#organization\"},\"potentialAction\":[{\"@type\":\"SearchAction\",\"target\":{\"@type\":\"EntryPoint\",\"urlTemplate\":\"https:\/\/www.ibc-hochdruck.de\/en?s={search_term_string}\"},\"query-input\":{\"@type\":\"PropertyValueSpecification\",\"valueRequired\":true,\"valueName\":\"search_term_string\"}}],\"inLanguage\":\"en-US\"},{\"@type\":\"Organization\",\"@id\":\"https:\/\/www.ibc-hochdruck.de\/en#organization\",\"name\":\"IBC Hochdruck- und Bew\u00e4sserungssysteme\",\"url\":\"https:\/\/www.ibc-hochdruck.de\/en\",\"logo\":{\"@type\":\"ImageObject\",\"inLanguage\":\"en-US\",\"@id\":\"https:\/\/www.ibc-hochdruck.de\/en#\/schema\/logo\/image\/\",\"url\":\"https:\/\/www.ibc-hochdruck.de\/wp-content\/uploads\/2024\/04\/cropped-Favicon_IBC_Hochdruck_Logo_Negativ.png\",\"contentUrl\":\"https:\/\/www.ibc-hochdruck.de\/wp-content\/uploads\/2024\/04\/cropped-Favicon_IBC_Hochdruck_Logo_Negativ.png\",\"width\":512,\"height\":512,\"caption\":\"IBC Hochdruck- und Bew\u00e4sserungssysteme\"},\"image\":{\"@id\":\"https:\/\/www.ibc-hochdruck.de\/en#\/schema\/logo\/image\/\"},\"sameAs\":[\"https:\/\/www.facebook.com\/ibchochdruck\",\"https:\/\/www.instagram.com\/ibchochdruck\/\",\"https:\/\/www.youtube.com\/@ibc-hochdruck\",\"https:\/\/www.tiktok.com\/@ibchochdruck\"]}]}<\/script>\n<!-- \/ Yoast SEO plugin. -->","yoast_head_json":{"title":"IBC Military - our high-pressure systems for military use","description":"Every detail counts in military operations. Dirty vehicles and equipment can delay the next mission. Our mobile high-pressure systems can help.","robots":{"index":"index","follow":"follow","max-snippet":"max-snippet:-1","max-image-preview":"max-image-preview:large","max-video-preview":"max-video-preview:-1"},"canonical":"https:\/\/www.ibc-hochdruck.de\/en\/produkt\/ibc-military-our-high-pressure-systems-for-military-use","og_locale":"en_US","og_type":"article","og_title":"IBC Military - our high-pressure systems for military use","og_description":"Every detail counts in military operations. Dirty vehicles and equipment can delay the next mission. Our mobile high-pressure systems can help.","og_url":"https:\/\/www.ibc-hochdruck.de\/en\/produkt\/ibc-military-our-high-pressure-systems-for-military-use","og_site_name":"IBC Hochdruck- und Bew\u00e4sserungssysteme","article_publisher":"https:\/\/www.facebook.com\/ibchochdruck","article_modified_time":"2025-07-21T13:49:27+00:00","og_image":[{"width":692,"height":692,"url":"https:\/\/www.ibc-hochdruck.de\/wp-content\/uploads\/2025\/06\/Militaer.jpg","type":"image\/jpeg"}],"twitter_card":"summary_large_image","schema":{"@context":"https:\/\/schema.org","@graph":[{"@type":"WebPage","@id":"https:\/\/www.ibc-hochdruck.de\/en\/produkt\/ibc-military-our-high-pressure-systems-for-military-use","url":"https:\/\/www.ibc-hochdruck.de\/en\/produkt\/ibc-military-our-high-pressure-systems-for-military-use","name":"IBC Military - our high-pressure systems for military use","isPartOf":{"@id":"https:\/\/www.ibc-hochdruck.de\/en#website"},"primaryImageOfPage":{"@id":"https:\/\/www.ibc-hochdruck.de\/en\/produkt\/ibc-military-our-high-pressure-systems-for-military-use#primaryimage"},"image":{"@id":"https:\/\/www.ibc-hochdruck.de\/en\/produkt\/ibc-military-our-high-pressure-systems-for-military-use#primaryimage"},"thumbnailUrl":"https:\/\/www.ibc-hochdruck.de\/wp-content\/uploads\/2025\/06\/Militaer.jpg","datePublished":"2025-06-21T11:27:27+00:00","dateModified":"2025-07-21T13:49:27+00:00","description":"Every detail counts in military operations. Dirty vehicles and equipment can delay the next mission. Our mobile high-pressure systems can help.","breadcrumb":{"@id":"https:\/\/www.ibc-hochdruck.de\/en\/produkt\/ibc-military-our-high-pressure-systems-for-military-use#breadcrumb"},"inLanguage":"en-US","potentialAction":[{"@type":"ReadAction","target":["https:\/\/www.ibc-hochdruck.de\/en\/produkt\/ibc-military-our-high-pressure-systems-for-military-use"]}]},{"@type":"ImageObject","inLanguage":"en-US","@id":"https:\/\/www.ibc-hochdruck.de\/en\/produkt\/ibc-military-our-high-pressure-systems-for-military-use#primaryimage","url":"https:\/\/www.ibc-hochdruck.de\/wp-content\/uploads\/2025\/06\/Militaer.jpg","contentUrl":"https:\/\/www.ibc-hochdruck.de\/wp-content\/uploads\/2025\/06\/Militaer.jpg","width":692,"height":692},{"@type":"BreadcrumbList","@id":"https:\/\/www.ibc-hochdruck.de\/en\/produkt\/ibc-military-our-high-pressure-systems-for-military-use#breadcrumb","itemListElement":[{"@type":"ListItem","position":1,"name":"Startseite","item":"https:\/\/www.ibc-hochdruck.de\/en?page_id=17969"},{"@type":"ListItem","position":2,"name":"Shop","item":"https:\/\/www.ibc-hochdruck.de\/en\/shop"},{"@type":"ListItem","position":3,"name":"IBC Military &#8211; our high-pressure systems for military use"}]},{"@type":"WebSite","@id":"https:\/\/www.ibc-hochdruck.de\/en#website","url":"https:\/\/www.ibc-hochdruck.de\/en","name":"IBC Hochdruck- und Bew\u00e4sserungssysteme","description":"Mobile Hochdruckreiniger f\u00fcr vielf\u00e4ltige Einsatzzwecke","publisher":{"@id":"https:\/\/www.ibc-hochdruck.de\/en#organization"},"potentialAction":[{"@type":"SearchAction","target":{"@type":"EntryPoint","urlTemplate":"https:\/\/www.ibc-hochdruck.de\/en?s={search_term_string}"},"query-input":{"@type":"PropertyValueSpecification","valueRequired":true,"valueName":"search_term_string"}}],"inLanguage":"en-US"},{"@type":"Organization","@id":"https:\/\/www.ibc-hochdruck.de\/en#organization","name":"IBC Hochdruck- und Bew\u00e4sserungssysteme","url":"https:\/\/www.ibc-hochdruck.de\/en","logo":{"@type":"ImageObject","inLanguage":"en-US","@id":"https:\/\/www.ibc-hochdruck.de\/en#\/schema\/logo\/image\/","url":"https:\/\/www.ibc-hochdruck.de\/wp-content\/uploads\/2024\/04\/cropped-Favicon_IBC_Hochdruck_Logo_Negativ.png","contentUrl":"https:\/\/www.ibc-hochdruck.de\/wp-content\/uploads\/2024\/04\/cropped-Favicon_IBC_Hochdruck_Logo_Negativ.png","width":512,"height":512,"caption":"IBC Hochdruck- und Bew\u00e4sserungssysteme"},"image":{"@id":"https:\/\/www.ibc-hochdruck.de\/en#\/schema\/logo\/image\/"},"sameAs":["https:\/\/www.facebook.com\/ibchochdruck","https:\/\/www.instagram.com\/ibchochdruck\/","https:\/\/www.youtube.com\/@ibc-hochdruck","https:\/\/www.tiktok.com\/@ibchochdruck"]}]}},"_links":{"self":[{"href":"https:\/\/www.ibc-hochdruck.de\/en\/wp-json\/wp\/v2\/product\/18206","targetHints":{"allow":["GET"]}}],"collection":[{"href":"https:\/\/www.ibc-hochdruck.de\/en\/wp-json\/wp\/v2\/product"}],"about":[{"href":"https:\/\/www.ibc-hochdruck.de\/en\/wp-json\/wp\/v2\/types\/product"}],"version-history":[{"count":1,"href":"https:\/\/www.ibc-hochdruck.de\/en\/wp-json\/wp\/v2\/product\/18206\/revisions"}],"predecessor-version":[{"id":18207,"href":"https:\/\/www.ibc-hochdruck.de\/en\/wp-json\/wp\/v2\/product\/18206\/revisions\/18207"}],"wp:featuredmedia":[{"embeddable":true,"href":"https:\/\/www.ibc-hochdruck.de\/en\/wp-json\/wp\/v2\/media\/17139"}],"wp:attachment":[{"href":"https:\/\/www.ibc-hochdruck.de\/en\/wp-json\/wp\/v2\/media?parent=18206"}],"wp:term":[{"taxonomy":"product_brand","embeddable":true,"href":"https:\/\/www.ibc-hochdruck.de\/en\/wp-json\/wp\/v2\/product_brand?post=18206"},{"taxonomy":"product_cat","embeddable":true,"href":"https:\/\/www.ibc-hochdruck.de\/en\/wp-json\/wp\/v2\/product_cat?post=18206"},{"taxonomy":"product_tag","embeddable":true,"href":"https:\/\/www.ibc-hochdruck.de\/en\/wp-json\/wp\/v2\/product_tag?post=18206"}],"curies":[{"name":"wp","href":"https:\/\/api.w.org\/{rel}","templated":true}]}}