{"id":18208,"date":"2025-06-07T13:47:05","date_gmt":"2025-06-07T11:47:05","guid":{"rendered":"https:\/\/www.ibc-hochdruck.de\/produkt\/ibc-agriculture-high-pressure-fire-system-for-tractor-attachment"},"modified":"2025-07-21T15:49:30","modified_gmt":"2025-07-21T13:49:30","slug":"ibc-agriculture-high-pressure-fire-system-for-tractor-attachment","status":"publish","type":"product","link":"https:\/\/www.ibc-hochdruck.de\/en\/produkt\/ibc-agriculture-high-pressure-fire-system-for-tractor-attachment","title":{"rendered":"IBC Agriculture High Pressure Fire System for tractor attachment"},"content":{"rendered":"<p><strong>IBC High Pressure Fire System for tractor attachment<\/strong><\/p>\n<p>230 bar petrol or 210 bar hydraulic<br \/>\n300 liters of water: 18 min of continuous work<br \/>\nFoam\/wetting agent admixture after the high-pressure pump<br \/>\nConnection for stationary operation or additional water tank<br \/>\n30M hose<br \/>\nCleaning &amp; extinguishing lances with quick-change system<br \/>\nFull approx. 600 kg<br \/>\nFront marker lights and indicators and contour lights on the side<\/p>\n<p>&nbsp;<\/p>\n<p data-start=\"63\" data-end=\"147\"><strong data-start=\"63\" data-end=\"147\">Effective firefighting during the harvest season &#8211; with the IBC high-pressure extinguishing system<\/strong><\/p>\n<p data-start=\"149\" data-end=\"381\">During the harvest season, reports of burning harvesters accumulate almost hourly &#8211; especially in hot and dry years. Not only straw balers, but also tractors, fields and stored straw catch fire. <\/p>\n<p data-start=\"383\" data-end=\"665\"><strong data-start=\"383\" data-end=\"475\">We at IBC High Pressure have developed a solution for precisely such hazardous situations.<\/strong><br data-start=\"475\" data-end=\"478\">Our technology is not completely new, but we have optimized it specifically for the requirements of agriculture &#8211; intuitive to use and with a double benefit.<\/p>\n<p data-start=\"667\" data-end=\"923\">We have developed a system for agricultural businesses from the tried-and-tested technology that many fire departments already use. The big advantage: <strong data-start=\"820\" data-end=\"923\">we can add foam &#8211; and this is the only way to effectively fight and extinguish machine fires.<\/strong> <\/p>\n<p data-start=\"925\" data-end=\"1061\">Our IBC extinguishing system works with a pressure of <strong data-start=\"976\" data-end=\"987\">230 bar<\/strong> &#8211; this means that <strong data-start=\"1006\" data-end=\"1058\">300 liters of water<\/strong> are sufficient <strong data-start=\"1006\" data-end=\"1058\">for up to 20 minutes of extinguishing time<\/strong>.<\/p>\n<p data-start=\"1063\" data-end=\"1229\"><strong data-start=\"1063\" data-end=\"1108\">A foam compound admixture is optionally<\/strong> available, which significantly increases the extinguishing effect even further.<br data-start=\"1167\" data-end=\"1170\">The system is <strong data-start=\"1185\" data-end=\"1228\">ready for use within 20 seconds<\/strong>.<\/p>\n<p data-start=\"1231\" data-end=\"1364\">Depending on requirements, the drive <strong data-start=\"1262\" data-end=\"1335\">can be powered either by a petrol engine or by the existing oil hydraulics<\/strong> of the carrier vehicle.<\/p>\n<p data-start=\"1366\" data-end=\"1521\">Thanks to the high pressure and the associated penetrating power, we can reach even hard-to-access areas with the jet &#8211; right where the fire is.<\/p>\n<p data-start=\"1523\" data-end=\"1780\">But our system is not only impressive in the event of a fire. The device also shows its strength in everyday tasks involving the <strong data-start=\"1614\" data-end=\"1670\">cleaning and maintenance of machines, paths or silos<\/strong>. This is because <strong data-start=\"1707\" data-end=\"1780\">it is also a fully-fledged high-pressure cleaner with 230 bar pressure.<\/strong>  <\/p>\n<p data-start=\"1782\" data-end=\"1943\">This saves time, cables and hoses &#8211; and makes you mobile. A good example is <strong data-start=\"1861\" data-end=\"1879\">silo cleaning<\/strong>, which otherwise often requires the laborious laying of cables. <\/p>\n<p data-start=\"1945\" data-end=\"2080\">Whether <strong data-start=\"1953\" data-end=\"1979\">drainage in the field<\/strong> or <strong data-start=\"1985\" data-end=\"2013\">pipelines in the factory<\/strong>: the system can be used flexibly &#8211; mobile or stationary.<\/p>\n<p data-start=\"2082\" data-end=\"2195\">For stationary use, the appliance can be supplied via a water pipe and operated by switchover.<\/p>\n<p data-start=\"2197\" data-end=\"2365\"><strong data-start=\"2197\" data-end=\"2226\">More safety at night<\/strong>: The system is also equipped with <strong data-start=\"2258\" data-end=\"2294\">marker lights and indicators<\/strong> so that the trailer is clearly visible even in the dark.<\/p>\n","protected":false},"excerpt":{"rendered":"<p>Our extinguishing system for balers. Fires can quickly break out, especially when baling straw, but with our solution we are ideally prepared. React quickly and prevent the worst from happening &#8211; for greater safety in the field. Our IBC high pressure is not just for extinguishing fires, but can also be used for everyday tasks.   <\/p>\n","protected":false},"featured_media":17138,"template":"","meta":[],"product_brand":[],"product_cat":[123,136],"product_tag":[],"class_list":{"0":"post-18208","1":"product","2":"type-product","3":"status-publish","4":"has-post-thumbnail","6":"product_cat-all-products","7":"product_cat-ibc-agriculture","9":"first","10":"instock","11":"purchasable","12":"product-type-simple"},"yoast_head":"<!-- This site is optimized with the Yoast SEO plugin v26.8 - https:\/\/yoast.com\/product\/yoast-seo-wordpress\/ -->\n<title>IBC Agriculture High Pressure Fire System for tractor attachment - IBC Hochdruck- und Bew\u00e4sserungssysteme<\/title>\n<meta name=\"description\" content=\"IBC high-pressure fire system for tractor attachment \u2705 compact &amp; mobile \u2705 extinguishing and cleaning \u2705 for use in the field and on the farm\" \/>\n<meta name=\"robots\" content=\"index, follow, max-snippet:-1, max-image-preview:large, max-video-preview:-1\" \/>\n<link rel=\"canonical\" href=\"https:\/\/www.ibc-hochdruck.de\/en\/produkt\/ibc-agriculture-high-pressure-fire-system-for-tractor-attachment\" \/>\n<meta property=\"og:locale\" content=\"en_US\" \/>\n<meta property=\"og:type\" content=\"article\" \/>\n<meta property=\"og:title\" content=\"IBC Agriculture High Pressure Fire System for tractor attachment - IBC Hochdruck- und Bew\u00e4sserungssysteme\" \/>\n<meta property=\"og:description\" content=\"IBC high-pressure fire system for tractor attachment \u2705 compact &amp; mobile \u2705 extinguishing and cleaning \u2705 for use in the field and on the farm\" \/>\n<meta property=\"og:url\" content=\"https:\/\/www.ibc-hochdruck.de\/en\/produkt\/ibc-agriculture-high-pressure-fire-system-for-tractor-attachment\" \/>\n<meta property=\"og:site_name\" content=\"IBC Hochdruck- und Bew\u00e4sserungssysteme\" \/>\n<meta property=\"article:publisher\" content=\"https:\/\/www.facebook.com\/ibchochdruck\" \/>\n<meta property=\"article:modified_time\" content=\"2025-07-21T13:49:30+00:00\" \/>\n<meta property=\"og:image\" content=\"https:\/\/www.ibc-hochdruck.de\/wp-content\/uploads\/2025\/06\/Landwirtschaft.jpg\" \/>\n\t<meta property=\"og:image:width\" content=\"692\" \/>\n\t<meta property=\"og:image:height\" content=\"692\" \/>\n\t<meta property=\"og:image:type\" content=\"image\/jpeg\" \/>\n<meta name=\"twitter:card\" content=\"summary_large_image\" \/>\n<meta name=\"twitter:label1\" content=\"Est. reading time\" \/>\n\t<meta name=\"twitter:data1\" content=\"2 minutes\" \/>\n<script type=\"application\/ld+json\" class=\"yoast-schema-graph\">{\"@context\":\"https:\/\/schema.org\",\"@graph\":[{\"@type\":\"WebPage\",\"@id\":\"https:\/\/www.ibc-hochdruck.de\/en\/produkt\/ibc-agriculture-high-pressure-fire-system-for-tractor-attachment\",\"url\":\"https:\/\/www.ibc-hochdruck.de\/en\/produkt\/ibc-agriculture-high-pressure-fire-system-for-tractor-attachment\",\"name\":\"IBC Agriculture High Pressure Fire System for tractor attachment - IBC Hochdruck- und Bew\u00e4sserungssysteme\",\"isPartOf\":{\"@id\":\"https:\/\/www.ibc-hochdruck.de\/en#website\"},\"primaryImageOfPage\":{\"@id\":\"https:\/\/www.ibc-hochdruck.de\/en\/produkt\/ibc-agriculture-high-pressure-fire-system-for-tractor-attachment#primaryimage\"},\"image\":{\"@id\":\"https:\/\/www.ibc-hochdruck.de\/en\/produkt\/ibc-agriculture-high-pressure-fire-system-for-tractor-attachment#primaryimage\"},\"thumbnailUrl\":\"https:\/\/www.ibc-hochdruck.de\/wp-content\/uploads\/2025\/06\/Landwirtschaft.jpg\",\"datePublished\":\"2025-06-07T11:47:05+00:00\",\"dateModified\":\"2025-07-21T13:49:30+00:00\",\"description\":\"IBC high-pressure fire system for tractor attachment \u2705 compact & mobile \u2705 extinguishing and cleaning \u2705 for use in the field and on the farm\",\"breadcrumb\":{\"@id\":\"https:\/\/www.ibc-hochdruck.de\/en\/produkt\/ibc-agriculture-high-pressure-fire-system-for-tractor-attachment#breadcrumb\"},\"inLanguage\":\"en-US\",\"potentialAction\":[{\"@type\":\"ReadAction\",\"target\":[\"https:\/\/www.ibc-hochdruck.de\/en\/produkt\/ibc-agriculture-high-pressure-fire-system-for-tractor-attachment\"]}]},{\"@type\":\"ImageObject\",\"inLanguage\":\"en-US\",\"@id\":\"https:\/\/www.ibc-hochdruck.de\/en\/produkt\/ibc-agriculture-high-pressure-fire-system-for-tractor-attachment#primaryimage\",\"url\":\"https:\/\/www.ibc-hochdruck.de\/wp-content\/uploads\/2025\/06\/Landwirtschaft.jpg\",\"contentUrl\":\"https:\/\/www.ibc-hochdruck.de\/wp-content\/uploads\/2025\/06\/Landwirtschaft.jpg\",\"width\":692,\"height\":692},{\"@type\":\"BreadcrumbList\",\"@id\":\"https:\/\/www.ibc-hochdruck.de\/en\/produkt\/ibc-agriculture-high-pressure-fire-system-for-tractor-attachment#breadcrumb\",\"itemListElement\":[{\"@type\":\"ListItem\",\"position\":1,\"name\":\"Startseite\",\"item\":\"https:\/\/www.ibc-hochdruck.de\/en?page_id=17969\"},{\"@type\":\"ListItem\",\"position\":2,\"name\":\"Shop\",\"item\":\"https:\/\/www.ibc-hochdruck.de\/en\/shop\"},{\"@type\":\"ListItem\",\"position\":3,\"name\":\"IBC Agriculture High Pressure Fire System for tractor attachment\"}]},{\"@type\":\"WebSite\",\"@id\":\"https:\/\/www.ibc-hochdruck.de\/en#website\",\"url\":\"https:\/\/www.ibc-hochdruck.de\/en\",\"name\":\"IBC Hochdruck- und Bew\u00e4sserungssysteme\",\"description\":\"Mobile Hochdruckreiniger f\u00fcr vielf\u00e4ltige Einsatzzwecke\",\"publisher\":{\"@id\":\"https:\/\/www.ibc-hochdruck.de\/en#organization\"},\"potentialAction\":[{\"@type\":\"SearchAction\",\"target\":{\"@type\":\"EntryPoint\",\"urlTemplate\":\"https:\/\/www.ibc-hochdruck.de\/en?s={search_term_string}\"},\"query-input\":{\"@type\":\"PropertyValueSpecification\",\"valueRequired\":true,\"valueName\":\"search_term_string\"}}],\"inLanguage\":\"en-US\"},{\"@type\":\"Organization\",\"@id\":\"https:\/\/www.ibc-hochdruck.de\/en#organization\",\"name\":\"IBC Hochdruck- und Bew\u00e4sserungssysteme\",\"url\":\"https:\/\/www.ibc-hochdruck.de\/en\",\"logo\":{\"@type\":\"ImageObject\",\"inLanguage\":\"en-US\",\"@id\":\"https:\/\/www.ibc-hochdruck.de\/en#\/schema\/logo\/image\/\",\"url\":\"https:\/\/www.ibc-hochdruck.de\/wp-content\/uploads\/2024\/04\/cropped-Favicon_IBC_Hochdruck_Logo_Negativ.png\",\"contentUrl\":\"https:\/\/www.ibc-hochdruck.de\/wp-content\/uploads\/2024\/04\/cropped-Favicon_IBC_Hochdruck_Logo_Negativ.png\",\"width\":512,\"height\":512,\"caption\":\"IBC Hochdruck- und Bew\u00e4sserungssysteme\"},\"image\":{\"@id\":\"https:\/\/www.ibc-hochdruck.de\/en#\/schema\/logo\/image\/\"},\"sameAs\":[\"https:\/\/www.facebook.com\/ibchochdruck\",\"https:\/\/www.instagram.com\/ibchochdruck\/\",\"https:\/\/www.youtube.com\/@ibc-hochdruck\",\"https:\/\/www.tiktok.com\/@ibchochdruck\"]}]}<\/script>\n<!-- \/ Yoast SEO plugin. -->","yoast_head_json":{"title":"IBC Agriculture High Pressure Fire System for tractor attachment - IBC Hochdruck- und Bew\u00e4sserungssysteme","description":"IBC high-pressure fire system for tractor attachment \u2705 compact & mobile \u2705 extinguishing and cleaning \u2705 for use in the field and on the farm","robots":{"index":"index","follow":"follow","max-snippet":"max-snippet:-1","max-image-preview":"max-image-preview:large","max-video-preview":"max-video-preview:-1"},"canonical":"https:\/\/www.ibc-hochdruck.de\/en\/produkt\/ibc-agriculture-high-pressure-fire-system-for-tractor-attachment","og_locale":"en_US","og_type":"article","og_title":"IBC Agriculture High Pressure Fire System for tractor attachment - IBC Hochdruck- und Bew\u00e4sserungssysteme","og_description":"IBC high-pressure fire system for tractor attachment \u2705 compact & mobile \u2705 extinguishing and cleaning \u2705 for use in the field and on the farm","og_url":"https:\/\/www.ibc-hochdruck.de\/en\/produkt\/ibc-agriculture-high-pressure-fire-system-for-tractor-attachment","og_site_name":"IBC Hochdruck- und Bew\u00e4sserungssysteme","article_publisher":"https:\/\/www.facebook.com\/ibchochdruck","article_modified_time":"2025-07-21T13:49:30+00:00","og_image":[{"width":692,"height":692,"url":"https:\/\/www.ibc-hochdruck.de\/wp-content\/uploads\/2025\/06\/Landwirtschaft.jpg","type":"image\/jpeg"}],"twitter_card":"summary_large_image","twitter_misc":{"Est. reading time":"2 minutes"},"schema":{"@context":"https:\/\/schema.org","@graph":[{"@type":"WebPage","@id":"https:\/\/www.ibc-hochdruck.de\/en\/produkt\/ibc-agriculture-high-pressure-fire-system-for-tractor-attachment","url":"https:\/\/www.ibc-hochdruck.de\/en\/produkt\/ibc-agriculture-high-pressure-fire-system-for-tractor-attachment","name":"IBC Agriculture High Pressure Fire System for tractor attachment - IBC Hochdruck- und Bew\u00e4sserungssysteme","isPartOf":{"@id":"https:\/\/www.ibc-hochdruck.de\/en#website"},"primaryImageOfPage":{"@id":"https:\/\/www.ibc-hochdruck.de\/en\/produkt\/ibc-agriculture-high-pressure-fire-system-for-tractor-attachment#primaryimage"},"image":{"@id":"https:\/\/www.ibc-hochdruck.de\/en\/produkt\/ibc-agriculture-high-pressure-fire-system-for-tractor-attachment#primaryimage"},"thumbnailUrl":"https:\/\/www.ibc-hochdruck.de\/wp-content\/uploads\/2025\/06\/Landwirtschaft.jpg","datePublished":"2025-06-07T11:47:05+00:00","dateModified":"2025-07-21T13:49:30+00:00","description":"IBC high-pressure fire system for tractor attachment \u2705 compact & mobile \u2705 extinguishing and cleaning \u2705 for use in the field and on the farm","breadcrumb":{"@id":"https:\/\/www.ibc-hochdruck.de\/en\/produkt\/ibc-agriculture-high-pressure-fire-system-for-tractor-attachment#breadcrumb"},"inLanguage":"en-US","potentialAction":[{"@type":"ReadAction","target":["https:\/\/www.ibc-hochdruck.de\/en\/produkt\/ibc-agriculture-high-pressure-fire-system-for-tractor-attachment"]}]},{"@type":"ImageObject","inLanguage":"en-US","@id":"https:\/\/www.ibc-hochdruck.de\/en\/produkt\/ibc-agriculture-high-pressure-fire-system-for-tractor-attachment#primaryimage","url":"https:\/\/www.ibc-hochdruck.de\/wp-content\/uploads\/2025\/06\/Landwirtschaft.jpg","contentUrl":"https:\/\/www.ibc-hochdruck.de\/wp-content\/uploads\/2025\/06\/Landwirtschaft.jpg","width":692,"height":692},{"@type":"BreadcrumbList","@id":"https:\/\/www.ibc-hochdruck.de\/en\/produkt\/ibc-agriculture-high-pressure-fire-system-for-tractor-attachment#breadcrumb","itemListElement":[{"@type":"ListItem","position":1,"name":"Startseite","item":"https:\/\/www.ibc-hochdruck.de\/en?page_id=17969"},{"@type":"ListItem","position":2,"name":"Shop","item":"https:\/\/www.ibc-hochdruck.de\/en\/shop"},{"@type":"ListItem","position":3,"name":"IBC Agriculture High Pressure Fire System for tractor attachment"}]},{"@type":"WebSite","@id":"https:\/\/www.ibc-hochdruck.de\/en#website","url":"https:\/\/www.ibc-hochdruck.de\/en","name":"IBC Hochdruck- und Bew\u00e4sserungssysteme","description":"Mobile Hochdruckreiniger f\u00fcr vielf\u00e4ltige Einsatzzwecke","publisher":{"@id":"https:\/\/www.ibc-hochdruck.de\/en#organization"},"potentialAction":[{"@type":"SearchAction","target":{"@type":"EntryPoint","urlTemplate":"https:\/\/www.ibc-hochdruck.de\/en?s={search_term_string}"},"query-input":{"@type":"PropertyValueSpecification","valueRequired":true,"valueName":"search_term_string"}}],"inLanguage":"en-US"},{"@type":"Organization","@id":"https:\/\/www.ibc-hochdruck.de\/en#organization","name":"IBC Hochdruck- und Bew\u00e4sserungssysteme","url":"https:\/\/www.ibc-hochdruck.de\/en","logo":{"@type":"ImageObject","inLanguage":"en-US","@id":"https:\/\/www.ibc-hochdruck.de\/en#\/schema\/logo\/image\/","url":"https:\/\/www.ibc-hochdruck.de\/wp-content\/uploads\/2024\/04\/cropped-Favicon_IBC_Hochdruck_Logo_Negativ.png","contentUrl":"https:\/\/www.ibc-hochdruck.de\/wp-content\/uploads\/2024\/04\/cropped-Favicon_IBC_Hochdruck_Logo_Negativ.png","width":512,"height":512,"caption":"IBC Hochdruck- und Bew\u00e4sserungssysteme"},"image":{"@id":"https:\/\/www.ibc-hochdruck.de\/en#\/schema\/logo\/image\/"},"sameAs":["https:\/\/www.facebook.com\/ibchochdruck","https:\/\/www.instagram.com\/ibchochdruck\/","https:\/\/www.youtube.com\/@ibc-hochdruck","https:\/\/www.tiktok.com\/@ibchochdruck"]}]}},"_links":{"self":[{"href":"https:\/\/www.ibc-hochdruck.de\/en\/wp-json\/wp\/v2\/product\/18208","targetHints":{"allow":["GET"]}}],"collection":[{"href":"https:\/\/www.ibc-hochdruck.de\/en\/wp-json\/wp\/v2\/product"}],"about":[{"href":"https:\/\/www.ibc-hochdruck.de\/en\/wp-json\/wp\/v2\/types\/product"}],"version-history":[{"count":1,"href":"https:\/\/www.ibc-hochdruck.de\/en\/wp-json\/wp\/v2\/product\/18208\/revisions"}],"predecessor-version":[{"id":18210,"href":"https:\/\/www.ibc-hochdruck.de\/en\/wp-json\/wp\/v2\/product\/18208\/revisions\/18210"}],"wp:featuredmedia":[{"embeddable":true,"href":"https:\/\/www.ibc-hochdruck.de\/en\/wp-json\/wp\/v2\/media\/17138"}],"wp:attachment":[{"href":"https:\/\/www.ibc-hochdruck.de\/en\/wp-json\/wp\/v2\/media?parent=18208"}],"wp:term":[{"taxonomy":"product_brand","embeddable":true,"href":"https:\/\/www.ibc-hochdruck.de\/en\/wp-json\/wp\/v2\/product_brand?post=18208"},{"taxonomy":"product_cat","embeddable":true,"href":"https:\/\/www.ibc-hochdruck.de\/en\/wp-json\/wp\/v2\/product_cat?post=18208"},{"taxonomy":"product_tag","embeddable":true,"href":"https:\/\/www.ibc-hochdruck.de\/en\/wp-json\/wp\/v2\/product_tag?post=18208"}],"curies":[{"name":"wp","href":"https:\/\/api.w.org\/{rel}","templated":true}]}}