{"id":18212,"date":"2024-12-12T15:37:36","date_gmt":"2024-12-12T13:37:36","guid":{"rendered":"https:\/\/www.ibc-hochdruck.de\/produkt\/ibc-utv-alu-line-210l"},"modified":"2025-07-21T15:49:32","modified_gmt":"2025-07-21T13:49:32","slug":"ibc-utv-alu-line-210l","status":"publish","type":"product","link":"https:\/\/www.ibc-hochdruck.de\/en\/produkt\/ibc-utv-alu-line-210l","title":{"rendered":"IBC-UTV Alu Line 210l"},"content":{"rendered":"<p>The UTV especially for the fire department<\/p>\n<p>Our Aluline completely made of aluminum with:<br \/>\n210l water and 20l foam = total weight 348kg<br \/>\nEmpty weight 100kg<br \/>\neasy and quick to load and unload with carrying handles<\/p>\n<p>&nbsp;<\/p>\n<p>Data:<br \/>\n230Bar<br \/>\n16l\/min<br \/>\nFoam proportioning 1-3%<br \/>\n210l water<br \/>\n20l foam<br \/>\n14 hp petrol engine<br \/>\n30m high-pressure hose<br \/>\nCombination water\/foam jet pipe<br \/>\n4 handles \/ forklift attachment \/ crane eyes<br \/>\nBase frame and tank 100% aluminum<\/p>\n","protected":false},"excerpt":{"rendered":"<p>The UTV especially for the fire department<\/p>\n<p>Our Aluline completely made of aluminum with:<br \/>\n210l water and 20l foam = total weight 348kg<br \/>\nEmpty weight 100kg<br \/>\nwith carrying handles easy and quick to load and unload<\/p>\n","protected":false},"featured_media":16641,"template":"","meta":[],"product_brand":[],"product_cat":[123,133],"product_tag":[],"class_list":{"0":"post-18212","1":"product","2":"type-product","3":"status-publish","4":"has-post-thumbnail","6":"product_cat-all-products","7":"product_cat-fire-department","9":"first","10":"instock","11":"purchasable","12":"product-type-variable"},"yoast_head":"<!-- This site is optimized with the Yoast SEO plugin v26.8 - https:\/\/yoast.com\/product\/yoast-seo-wordpress\/ -->\n<title>\ud83d\ude92 IBC fire department - UTV Alu Line with 210 liters<\/title>\n<meta name=\"description\" content=\"Mobile solution for firefighting in areas that are difficult to access.\" \/>\n<meta name=\"robots\" content=\"index, follow, max-snippet:-1, max-image-preview:large, max-video-preview:-1\" \/>\n<link rel=\"canonical\" href=\"https:\/\/www.ibc-hochdruck.de\/en\/produkt\/ibc-utv-alu-line-210l\" \/>\n<meta property=\"og:locale\" content=\"en_US\" \/>\n<meta property=\"og:type\" content=\"article\" \/>\n<meta property=\"og:title\" content=\"\ud83d\ude92 IBC fire department - UTV Alu Line with 210 liters\" \/>\n<meta property=\"og:description\" content=\"Mobile solution for firefighting in areas that are difficult to access.\" \/>\n<meta property=\"og:url\" content=\"https:\/\/www.ibc-hochdruck.de\/en\/produkt\/ibc-utv-alu-line-210l\" \/>\n<meta property=\"og:site_name\" content=\"IBC Hochdruck- und Bew\u00e4sserungssysteme\" \/>\n<meta property=\"article:publisher\" content=\"https:\/\/www.facebook.com\/ibchochdruck\" \/>\n<meta property=\"article:modified_time\" content=\"2025-07-21T13:49:32+00:00\" \/>\n<meta property=\"og:image\" content=\"https:\/\/www.ibc-hochdruck.de\/wp-content\/uploads\/2024\/12\/UTV.jpg\" \/>\n\t<meta property=\"og:image:width\" content=\"692\" \/>\n\t<meta property=\"og:image:height\" content=\"692\" \/>\n\t<meta property=\"og:image:type\" content=\"image\/jpeg\" \/>\n<meta name=\"twitter:card\" content=\"summary_large_image\" \/>\n<script type=\"application\/ld+json\" class=\"yoast-schema-graph\">{\"@context\":\"https:\/\/schema.org\",\"@graph\":[{\"@type\":\"WebPage\",\"@id\":\"https:\/\/www.ibc-hochdruck.de\/en\/produkt\/ibc-utv-alu-line-210l\",\"url\":\"https:\/\/www.ibc-hochdruck.de\/en\/produkt\/ibc-utv-alu-line-210l\",\"name\":\"\ud83d\ude92 IBC fire department - UTV Alu Line with 210 liters\",\"isPartOf\":{\"@id\":\"https:\/\/www.ibc-hochdruck.de\/en#website\"},\"primaryImageOfPage\":{\"@id\":\"https:\/\/www.ibc-hochdruck.de\/en\/produkt\/ibc-utv-alu-line-210l#primaryimage\"},\"image\":{\"@id\":\"https:\/\/www.ibc-hochdruck.de\/en\/produkt\/ibc-utv-alu-line-210l#primaryimage\"},\"thumbnailUrl\":\"https:\/\/www.ibc-hochdruck.de\/wp-content\/uploads\/2024\/12\/UTV.jpg\",\"datePublished\":\"2024-12-12T13:37:36+00:00\",\"dateModified\":\"2025-07-21T13:49:32+00:00\",\"description\":\"Mobile solution for firefighting in areas that are difficult to access.\",\"breadcrumb\":{\"@id\":\"https:\/\/www.ibc-hochdruck.de\/en\/produkt\/ibc-utv-alu-line-210l#breadcrumb\"},\"inLanguage\":\"en-US\",\"potentialAction\":[{\"@type\":\"ReadAction\",\"target\":[\"https:\/\/www.ibc-hochdruck.de\/en\/produkt\/ibc-utv-alu-line-210l\"]}]},{\"@type\":\"ImageObject\",\"inLanguage\":\"en-US\",\"@id\":\"https:\/\/www.ibc-hochdruck.de\/en\/produkt\/ibc-utv-alu-line-210l#primaryimage\",\"url\":\"https:\/\/www.ibc-hochdruck.de\/wp-content\/uploads\/2024\/12\/UTV.jpg\",\"contentUrl\":\"https:\/\/www.ibc-hochdruck.de\/wp-content\/uploads\/2024\/12\/UTV.jpg\",\"width\":692,\"height\":692},{\"@type\":\"BreadcrumbList\",\"@id\":\"https:\/\/www.ibc-hochdruck.de\/en\/produkt\/ibc-utv-alu-line-210l#breadcrumb\",\"itemListElement\":[{\"@type\":\"ListItem\",\"position\":1,\"name\":\"Startseite\",\"item\":\"https:\/\/www.ibc-hochdruck.de\/en?page_id=17969\"},{\"@type\":\"ListItem\",\"position\":2,\"name\":\"Shop\",\"item\":\"https:\/\/www.ibc-hochdruck.de\/en\/shop\"},{\"@type\":\"ListItem\",\"position\":3,\"name\":\"IBC-UTV Alu Line 210l\"}]},{\"@type\":\"WebSite\",\"@id\":\"https:\/\/www.ibc-hochdruck.de\/en#website\",\"url\":\"https:\/\/www.ibc-hochdruck.de\/en\",\"name\":\"IBC Hochdruck- und Bew\u00e4sserungssysteme\",\"description\":\"Mobile Hochdruckreiniger f\u00fcr vielf\u00e4ltige Einsatzzwecke\",\"publisher\":{\"@id\":\"https:\/\/www.ibc-hochdruck.de\/en#organization\"},\"potentialAction\":[{\"@type\":\"SearchAction\",\"target\":{\"@type\":\"EntryPoint\",\"urlTemplate\":\"https:\/\/www.ibc-hochdruck.de\/en?s={search_term_string}\"},\"query-input\":{\"@type\":\"PropertyValueSpecification\",\"valueRequired\":true,\"valueName\":\"search_term_string\"}}],\"inLanguage\":\"en-US\"},{\"@type\":\"Organization\",\"@id\":\"https:\/\/www.ibc-hochdruck.de\/en#organization\",\"name\":\"IBC Hochdruck- und Bew\u00e4sserungssysteme\",\"url\":\"https:\/\/www.ibc-hochdruck.de\/en\",\"logo\":{\"@type\":\"ImageObject\",\"inLanguage\":\"en-US\",\"@id\":\"https:\/\/www.ibc-hochdruck.de\/en#\/schema\/logo\/image\/\",\"url\":\"https:\/\/www.ibc-hochdruck.de\/wp-content\/uploads\/2024\/04\/cropped-Favicon_IBC_Hochdruck_Logo_Negativ.png\",\"contentUrl\":\"https:\/\/www.ibc-hochdruck.de\/wp-content\/uploads\/2024\/04\/cropped-Favicon_IBC_Hochdruck_Logo_Negativ.png\",\"width\":512,\"height\":512,\"caption\":\"IBC Hochdruck- und Bew\u00e4sserungssysteme\"},\"image\":{\"@id\":\"https:\/\/www.ibc-hochdruck.de\/en#\/schema\/logo\/image\/\"},\"sameAs\":[\"https:\/\/www.facebook.com\/ibchochdruck\",\"https:\/\/www.instagram.com\/ibchochdruck\/\",\"https:\/\/www.youtube.com\/@ibc-hochdruck\",\"https:\/\/www.tiktok.com\/@ibchochdruck\"]}]}<\/script>\n<!-- \/ Yoast SEO plugin. -->","yoast_head_json":{"title":"\ud83d\ude92 IBC fire department - UTV Alu Line with 210 liters","description":"Mobile solution for firefighting in areas that are difficult to access.","robots":{"index":"index","follow":"follow","max-snippet":"max-snippet:-1","max-image-preview":"max-image-preview:large","max-video-preview":"max-video-preview:-1"},"canonical":"https:\/\/www.ibc-hochdruck.de\/en\/produkt\/ibc-utv-alu-line-210l","og_locale":"en_US","og_type":"article","og_title":"\ud83d\ude92 IBC fire department - UTV Alu Line with 210 liters","og_description":"Mobile solution for firefighting in areas that are difficult to access.","og_url":"https:\/\/www.ibc-hochdruck.de\/en\/produkt\/ibc-utv-alu-line-210l","og_site_name":"IBC Hochdruck- und Bew\u00e4sserungssysteme","article_publisher":"https:\/\/www.facebook.com\/ibchochdruck","article_modified_time":"2025-07-21T13:49:32+00:00","og_image":[{"width":692,"height":692,"url":"https:\/\/www.ibc-hochdruck.de\/wp-content\/uploads\/2024\/12\/UTV.jpg","type":"image\/jpeg"}],"twitter_card":"summary_large_image","schema":{"@context":"https:\/\/schema.org","@graph":[{"@type":"WebPage","@id":"https:\/\/www.ibc-hochdruck.de\/en\/produkt\/ibc-utv-alu-line-210l","url":"https:\/\/www.ibc-hochdruck.de\/en\/produkt\/ibc-utv-alu-line-210l","name":"\ud83d\ude92 IBC fire department - UTV Alu Line with 210 liters","isPartOf":{"@id":"https:\/\/www.ibc-hochdruck.de\/en#website"},"primaryImageOfPage":{"@id":"https:\/\/www.ibc-hochdruck.de\/en\/produkt\/ibc-utv-alu-line-210l#primaryimage"},"image":{"@id":"https:\/\/www.ibc-hochdruck.de\/en\/produkt\/ibc-utv-alu-line-210l#primaryimage"},"thumbnailUrl":"https:\/\/www.ibc-hochdruck.de\/wp-content\/uploads\/2024\/12\/UTV.jpg","datePublished":"2024-12-12T13:37:36+00:00","dateModified":"2025-07-21T13:49:32+00:00","description":"Mobile solution for firefighting in areas that are difficult to access.","breadcrumb":{"@id":"https:\/\/www.ibc-hochdruck.de\/en\/produkt\/ibc-utv-alu-line-210l#breadcrumb"},"inLanguage":"en-US","potentialAction":[{"@type":"ReadAction","target":["https:\/\/www.ibc-hochdruck.de\/en\/produkt\/ibc-utv-alu-line-210l"]}]},{"@type":"ImageObject","inLanguage":"en-US","@id":"https:\/\/www.ibc-hochdruck.de\/en\/produkt\/ibc-utv-alu-line-210l#primaryimage","url":"https:\/\/www.ibc-hochdruck.de\/wp-content\/uploads\/2024\/12\/UTV.jpg","contentUrl":"https:\/\/www.ibc-hochdruck.de\/wp-content\/uploads\/2024\/12\/UTV.jpg","width":692,"height":692},{"@type":"BreadcrumbList","@id":"https:\/\/www.ibc-hochdruck.de\/en\/produkt\/ibc-utv-alu-line-210l#breadcrumb","itemListElement":[{"@type":"ListItem","position":1,"name":"Startseite","item":"https:\/\/www.ibc-hochdruck.de\/en?page_id=17969"},{"@type":"ListItem","position":2,"name":"Shop","item":"https:\/\/www.ibc-hochdruck.de\/en\/shop"},{"@type":"ListItem","position":3,"name":"IBC-UTV Alu Line 210l"}]},{"@type":"WebSite","@id":"https:\/\/www.ibc-hochdruck.de\/en#website","url":"https:\/\/www.ibc-hochdruck.de\/en","name":"IBC Hochdruck- und Bew\u00e4sserungssysteme","description":"Mobile Hochdruckreiniger f\u00fcr vielf\u00e4ltige Einsatzzwecke","publisher":{"@id":"https:\/\/www.ibc-hochdruck.de\/en#organization"},"potentialAction":[{"@type":"SearchAction","target":{"@type":"EntryPoint","urlTemplate":"https:\/\/www.ibc-hochdruck.de\/en?s={search_term_string}"},"query-input":{"@type":"PropertyValueSpecification","valueRequired":true,"valueName":"search_term_string"}}],"inLanguage":"en-US"},{"@type":"Organization","@id":"https:\/\/www.ibc-hochdruck.de\/en#organization","name":"IBC Hochdruck- und Bew\u00e4sserungssysteme","url":"https:\/\/www.ibc-hochdruck.de\/en","logo":{"@type":"ImageObject","inLanguage":"en-US","@id":"https:\/\/www.ibc-hochdruck.de\/en#\/schema\/logo\/image\/","url":"https:\/\/www.ibc-hochdruck.de\/wp-content\/uploads\/2024\/04\/cropped-Favicon_IBC_Hochdruck_Logo_Negativ.png","contentUrl":"https:\/\/www.ibc-hochdruck.de\/wp-content\/uploads\/2024\/04\/cropped-Favicon_IBC_Hochdruck_Logo_Negativ.png","width":512,"height":512,"caption":"IBC Hochdruck- und Bew\u00e4sserungssysteme"},"image":{"@id":"https:\/\/www.ibc-hochdruck.de\/en#\/schema\/logo\/image\/"},"sameAs":["https:\/\/www.facebook.com\/ibchochdruck","https:\/\/www.instagram.com\/ibchochdruck\/","https:\/\/www.youtube.com\/@ibc-hochdruck","https:\/\/www.tiktok.com\/@ibchochdruck"]}]}},"_links":{"self":[{"href":"https:\/\/www.ibc-hochdruck.de\/en\/wp-json\/wp\/v2\/product\/18212","targetHints":{"allow":["GET"]}}],"collection":[{"href":"https:\/\/www.ibc-hochdruck.de\/en\/wp-json\/wp\/v2\/product"}],"about":[{"href":"https:\/\/www.ibc-hochdruck.de\/en\/wp-json\/wp\/v2\/types\/product"}],"version-history":[{"count":1,"href":"https:\/\/www.ibc-hochdruck.de\/en\/wp-json\/wp\/v2\/product\/18212\/revisions"}],"predecessor-version":[{"id":18213,"href":"https:\/\/www.ibc-hochdruck.de\/en\/wp-json\/wp\/v2\/product\/18212\/revisions\/18213"}],"wp:featuredmedia":[{"embeddable":true,"href":"https:\/\/www.ibc-hochdruck.de\/en\/wp-json\/wp\/v2\/media\/16641"}],"wp:attachment":[{"href":"https:\/\/www.ibc-hochdruck.de\/en\/wp-json\/wp\/v2\/media?parent=18212"}],"wp:term":[{"taxonomy":"product_brand","embeddable":true,"href":"https:\/\/www.ibc-hochdruck.de\/en\/wp-json\/wp\/v2\/product_brand?post=18212"},{"taxonomy":"product_cat","embeddable":true,"href":"https:\/\/www.ibc-hochdruck.de\/en\/wp-json\/wp\/v2\/product_cat?post=18212"},{"taxonomy":"product_tag","embeddable":true,"href":"https:\/\/www.ibc-hochdruck.de\/en\/wp-json\/wp\/v2\/product_tag?post=18212"}],"curies":[{"name":"wp","href":"https:\/\/api.w.org\/{rel}","templated":true}]}}