{"id":18229,"date":"2024-05-10T12:27:42","date_gmt":"2024-05-10T10:27:42","guid":{"rendered":"https:\/\/www.ibc-hochdruck.de\/produkt\/water-and-sludge-vacuum-cleaner"},"modified":"2025-07-21T15:49:49","modified_gmt":"2025-07-21T13:49:49","slug":"water-and-sludge-vacuum-cleaner","status":"publish","type":"product","link":"https:\/\/www.ibc-hochdruck.de\/en\/produkt\/water-and-sludge-vacuum-cleaner","title":{"rendered":"Water and sludge vacuum cleaner"},"content":{"rendered":"<p>incl. high-pressure hose 5 meters <\/p>\n<h5>Technical data:<\/h5>\n<ul>\n<li>Input: Plug-in nipple KW-P<\/li>\n<li>Max. 250 bar \/ 150 \u00b0C <\/li>\n<li>Incl.5 meter high pressure hose <\/li>\n<li>Operating pressure min. 80 bar at 7 l\/min. <\/li>\n<li>Suction capacity of approx. 8 000 &#8211; 18 000 l\/h.<\/li>\n<li>Spiral hose DN 38 mm 5 m.<\/li>\n<li>Maximum suction height 4 m.<\/li>\n<li>The powerful sludge vacuum cleaner for all standard high-pressure cleaners sucks up stones (up to 20 mm), sludge, dirt, sand, algae and sediment.<\/li>\n<\/ul>\n","protected":false},"excerpt":{"rendered":"<p>incl. high-pressure hose 5 meters <\/p>\n<h5>Technical data:<\/h5>\n<ul>\n<li>Input: Plug-in nipple KW-P<\/li>\n<li>Max. 250 bar \/ 150 \u00b0C <\/li>\n<li>Incl.5 meter high pressure hose <\/li>\n<li>Operating pressure min. 80 bar at 7 l\/min. <\/li>\n<li>Suction capacity of approx. 8 000 &#8211; 18 000 l\/h.<\/li>\n<li>Spiral hose DN 38 mm 5 m.<\/li>\n<li>Maximum suction height 4 m.<\/li>\n<li>The powerful sludge vacuum cleaner for all standard high-pressure cleaners sucks up stones (up to 20 mm), sludge, dirt, sand, algae and sediment.<\/li>\n<\/ul>\n","protected":false},"featured_media":16097,"template":"","meta":[],"product_brand":[],"product_cat":[127],"product_tag":[],"class_list":{"0":"post-18229","1":"product","2":"type-product","3":"status-publish","4":"has-post-thumbnail","6":"product_cat-accessories","8":"first","9":"instock","10":"purchasable","11":"product-type-simple"},"yoast_head":"<!-- This site is optimized with the Yoast SEO plugin v26.8 - https:\/\/yoast.com\/product\/yoast-seo-wordpress\/ -->\n<title>Water and sludge vacuum cleaner - IBC Hochdruck- und Bew\u00e4sserungssysteme<\/title>\n<meta name=\"robots\" content=\"index, follow, max-snippet:-1, max-image-preview:large, max-video-preview:-1\" \/>\n<link rel=\"canonical\" href=\"https:\/\/www.ibc-hochdruck.de\/en\/produkt\/water-and-sludge-vacuum-cleaner\" \/>\n<meta property=\"og:locale\" content=\"en_US\" \/>\n<meta property=\"og:type\" content=\"article\" \/>\n<meta property=\"og:title\" content=\"Water and sludge vacuum cleaner - IBC Hochdruck- und Bew\u00e4sserungssysteme\" \/>\n<meta property=\"og:description\" content=\"incl. high-pressure hose 5 meters Technical data:  Input: Plug-in nipple KW-P  Max. 250 bar \/ 150 \u00b0C  Incl.5 meter high pressure hose  Operating pressure min. 80 bar at 7 l\/min.  Suction capacity of approx. 8 000 - 18 000 l\/h.  Spiral hose DN 38 mm 5 m.  Maximum suction height 4 m.  The powerful sludge vacuum cleaner for all standard high-pressure cleaners sucks up stones (up to 20 mm), sludge, dirt, sand, algae and sediment.\" \/>\n<meta property=\"og:url\" content=\"https:\/\/www.ibc-hochdruck.de\/en\/produkt\/water-and-sludge-vacuum-cleaner\" \/>\n<meta property=\"og:site_name\" content=\"IBC Hochdruck- und Bew\u00e4sserungssysteme\" \/>\n<meta property=\"article:publisher\" content=\"https:\/\/www.facebook.com\/ibchochdruck\" \/>\n<meta property=\"article:modified_time\" content=\"2025-07-21T13:49:49+00:00\" \/>\n<meta property=\"og:image\" content=\"https:\/\/www.ibc-hochdruck.de\/wp-content\/uploads\/2024\/05\/wassersauger.png\" \/>\n\t<meta property=\"og:image:width\" content=\"1000\" \/>\n\t<meta property=\"og:image:height\" content=\"1000\" \/>\n\t<meta property=\"og:image:type\" content=\"image\/png\" \/>\n<meta name=\"twitter:card\" content=\"summary_large_image\" \/>\n<script type=\"application\/ld+json\" class=\"yoast-schema-graph\">{\"@context\":\"https:\/\/schema.org\",\"@graph\":[{\"@type\":\"WebPage\",\"@id\":\"https:\/\/www.ibc-hochdruck.de\/en\/produkt\/water-and-sludge-vacuum-cleaner\",\"url\":\"https:\/\/www.ibc-hochdruck.de\/en\/produkt\/water-and-sludge-vacuum-cleaner\",\"name\":\"Water and sludge vacuum cleaner - IBC Hochdruck- und Bew\u00e4sserungssysteme\",\"isPartOf\":{\"@id\":\"https:\/\/www.ibc-hochdruck.de\/en#website\"},\"primaryImageOfPage\":{\"@id\":\"https:\/\/www.ibc-hochdruck.de\/en\/produkt\/water-and-sludge-vacuum-cleaner#primaryimage\"},\"image\":{\"@id\":\"https:\/\/www.ibc-hochdruck.de\/en\/produkt\/water-and-sludge-vacuum-cleaner#primaryimage\"},\"thumbnailUrl\":\"https:\/\/www.ibc-hochdruck.de\/wp-content\/uploads\/2024\/05\/wassersauger.png\",\"datePublished\":\"2024-05-10T10:27:42+00:00\",\"dateModified\":\"2025-07-21T13:49:49+00:00\",\"breadcrumb\":{\"@id\":\"https:\/\/www.ibc-hochdruck.de\/en\/produkt\/water-and-sludge-vacuum-cleaner#breadcrumb\"},\"inLanguage\":\"en-US\",\"potentialAction\":[{\"@type\":\"ReadAction\",\"target\":[\"https:\/\/www.ibc-hochdruck.de\/en\/produkt\/water-and-sludge-vacuum-cleaner\"]}]},{\"@type\":\"ImageObject\",\"inLanguage\":\"en-US\",\"@id\":\"https:\/\/www.ibc-hochdruck.de\/en\/produkt\/water-and-sludge-vacuum-cleaner#primaryimage\",\"url\":\"https:\/\/www.ibc-hochdruck.de\/wp-content\/uploads\/2024\/05\/wassersauger.png\",\"contentUrl\":\"https:\/\/www.ibc-hochdruck.de\/wp-content\/uploads\/2024\/05\/wassersauger.png\",\"width\":1000,\"height\":1000},{\"@type\":\"BreadcrumbList\",\"@id\":\"https:\/\/www.ibc-hochdruck.de\/en\/produkt\/water-and-sludge-vacuum-cleaner#breadcrumb\",\"itemListElement\":[{\"@type\":\"ListItem\",\"position\":1,\"name\":\"Startseite\",\"item\":\"https:\/\/www.ibc-hochdruck.de\/en?page_id=17969\"},{\"@type\":\"ListItem\",\"position\":2,\"name\":\"Shop\",\"item\":\"https:\/\/www.ibc-hochdruck.de\/en\/shop\"},{\"@type\":\"ListItem\",\"position\":3,\"name\":\"Water and sludge vacuum cleaner\"}]},{\"@type\":\"WebSite\",\"@id\":\"https:\/\/www.ibc-hochdruck.de\/en#website\",\"url\":\"https:\/\/www.ibc-hochdruck.de\/en\",\"name\":\"IBC Hochdruck- und Bew\u00e4sserungssysteme\",\"description\":\"Mobile Hochdruckreiniger f\u00fcr vielf\u00e4ltige Einsatzzwecke\",\"publisher\":{\"@id\":\"https:\/\/www.ibc-hochdruck.de\/en#organization\"},\"potentialAction\":[{\"@type\":\"SearchAction\",\"target\":{\"@type\":\"EntryPoint\",\"urlTemplate\":\"https:\/\/www.ibc-hochdruck.de\/en?s={search_term_string}\"},\"query-input\":{\"@type\":\"PropertyValueSpecification\",\"valueRequired\":true,\"valueName\":\"search_term_string\"}}],\"inLanguage\":\"en-US\"},{\"@type\":\"Organization\",\"@id\":\"https:\/\/www.ibc-hochdruck.de\/en#organization\",\"name\":\"IBC Hochdruck- und Bew\u00e4sserungssysteme\",\"url\":\"https:\/\/www.ibc-hochdruck.de\/en\",\"logo\":{\"@type\":\"ImageObject\",\"inLanguage\":\"en-US\",\"@id\":\"https:\/\/www.ibc-hochdruck.de\/en#\/schema\/logo\/image\/\",\"url\":\"https:\/\/www.ibc-hochdruck.de\/wp-content\/uploads\/2024\/04\/cropped-Favicon_IBC_Hochdruck_Logo_Negativ.png\",\"contentUrl\":\"https:\/\/www.ibc-hochdruck.de\/wp-content\/uploads\/2024\/04\/cropped-Favicon_IBC_Hochdruck_Logo_Negativ.png\",\"width\":512,\"height\":512,\"caption\":\"IBC Hochdruck- und Bew\u00e4sserungssysteme\"},\"image\":{\"@id\":\"https:\/\/www.ibc-hochdruck.de\/en#\/schema\/logo\/image\/\"},\"sameAs\":[\"https:\/\/www.facebook.com\/ibchochdruck\",\"https:\/\/www.instagram.com\/ibchochdruck\/\",\"https:\/\/www.youtube.com\/@ibc-hochdruck\",\"https:\/\/www.tiktok.com\/@ibchochdruck\"]}]}<\/script>\n<!-- \/ Yoast SEO plugin. -->","yoast_head_json":{"title":"Water and sludge vacuum cleaner - IBC Hochdruck- und Bew\u00e4sserungssysteme","robots":{"index":"index","follow":"follow","max-snippet":"max-snippet:-1","max-image-preview":"max-image-preview:large","max-video-preview":"max-video-preview:-1"},"canonical":"https:\/\/www.ibc-hochdruck.de\/en\/produkt\/water-and-sludge-vacuum-cleaner","og_locale":"en_US","og_type":"article","og_title":"Water and sludge vacuum cleaner - IBC Hochdruck- und Bew\u00e4sserungssysteme","og_description":"incl. high-pressure hose 5 meters Technical data:  Input: Plug-in nipple KW-P  Max. 250 bar \/ 150 \u00b0C  Incl.5 meter high pressure hose  Operating pressure min. 80 bar at 7 l\/min.  Suction capacity of approx. 8 000 - 18 000 l\/h.  Spiral hose DN 38 mm 5 m.  Maximum suction height 4 m.  The powerful sludge vacuum cleaner for all standard high-pressure cleaners sucks up stones (up to 20 mm), sludge, dirt, sand, algae and sediment.","og_url":"https:\/\/www.ibc-hochdruck.de\/en\/produkt\/water-and-sludge-vacuum-cleaner","og_site_name":"IBC Hochdruck- und Bew\u00e4sserungssysteme","article_publisher":"https:\/\/www.facebook.com\/ibchochdruck","article_modified_time":"2025-07-21T13:49:49+00:00","og_image":[{"width":1000,"height":1000,"url":"https:\/\/www.ibc-hochdruck.de\/wp-content\/uploads\/2024\/05\/wassersauger.png","type":"image\/png"}],"twitter_card":"summary_large_image","schema":{"@context":"https:\/\/schema.org","@graph":[{"@type":"WebPage","@id":"https:\/\/www.ibc-hochdruck.de\/en\/produkt\/water-and-sludge-vacuum-cleaner","url":"https:\/\/www.ibc-hochdruck.de\/en\/produkt\/water-and-sludge-vacuum-cleaner","name":"Water and sludge vacuum cleaner - IBC Hochdruck- und Bew\u00e4sserungssysteme","isPartOf":{"@id":"https:\/\/www.ibc-hochdruck.de\/en#website"},"primaryImageOfPage":{"@id":"https:\/\/www.ibc-hochdruck.de\/en\/produkt\/water-and-sludge-vacuum-cleaner#primaryimage"},"image":{"@id":"https:\/\/www.ibc-hochdruck.de\/en\/produkt\/water-and-sludge-vacuum-cleaner#primaryimage"},"thumbnailUrl":"https:\/\/www.ibc-hochdruck.de\/wp-content\/uploads\/2024\/05\/wassersauger.png","datePublished":"2024-05-10T10:27:42+00:00","dateModified":"2025-07-21T13:49:49+00:00","breadcrumb":{"@id":"https:\/\/www.ibc-hochdruck.de\/en\/produkt\/water-and-sludge-vacuum-cleaner#breadcrumb"},"inLanguage":"en-US","potentialAction":[{"@type":"ReadAction","target":["https:\/\/www.ibc-hochdruck.de\/en\/produkt\/water-and-sludge-vacuum-cleaner"]}]},{"@type":"ImageObject","inLanguage":"en-US","@id":"https:\/\/www.ibc-hochdruck.de\/en\/produkt\/water-and-sludge-vacuum-cleaner#primaryimage","url":"https:\/\/www.ibc-hochdruck.de\/wp-content\/uploads\/2024\/05\/wassersauger.png","contentUrl":"https:\/\/www.ibc-hochdruck.de\/wp-content\/uploads\/2024\/05\/wassersauger.png","width":1000,"height":1000},{"@type":"BreadcrumbList","@id":"https:\/\/www.ibc-hochdruck.de\/en\/produkt\/water-and-sludge-vacuum-cleaner#breadcrumb","itemListElement":[{"@type":"ListItem","position":1,"name":"Startseite","item":"https:\/\/www.ibc-hochdruck.de\/en?page_id=17969"},{"@type":"ListItem","position":2,"name":"Shop","item":"https:\/\/www.ibc-hochdruck.de\/en\/shop"},{"@type":"ListItem","position":3,"name":"Water and sludge vacuum cleaner"}]},{"@type":"WebSite","@id":"https:\/\/www.ibc-hochdruck.de\/en#website","url":"https:\/\/www.ibc-hochdruck.de\/en","name":"IBC Hochdruck- und Bew\u00e4sserungssysteme","description":"Mobile Hochdruckreiniger f\u00fcr vielf\u00e4ltige Einsatzzwecke","publisher":{"@id":"https:\/\/www.ibc-hochdruck.de\/en#organization"},"potentialAction":[{"@type":"SearchAction","target":{"@type":"EntryPoint","urlTemplate":"https:\/\/www.ibc-hochdruck.de\/en?s={search_term_string}"},"query-input":{"@type":"PropertyValueSpecification","valueRequired":true,"valueName":"search_term_string"}}],"inLanguage":"en-US"},{"@type":"Organization","@id":"https:\/\/www.ibc-hochdruck.de\/en#organization","name":"IBC Hochdruck- und Bew\u00e4sserungssysteme","url":"https:\/\/www.ibc-hochdruck.de\/en","logo":{"@type":"ImageObject","inLanguage":"en-US","@id":"https:\/\/www.ibc-hochdruck.de\/en#\/schema\/logo\/image\/","url":"https:\/\/www.ibc-hochdruck.de\/wp-content\/uploads\/2024\/04\/cropped-Favicon_IBC_Hochdruck_Logo_Negativ.png","contentUrl":"https:\/\/www.ibc-hochdruck.de\/wp-content\/uploads\/2024\/04\/cropped-Favicon_IBC_Hochdruck_Logo_Negativ.png","width":512,"height":512,"caption":"IBC Hochdruck- und Bew\u00e4sserungssysteme"},"image":{"@id":"https:\/\/www.ibc-hochdruck.de\/en#\/schema\/logo\/image\/"},"sameAs":["https:\/\/www.facebook.com\/ibchochdruck","https:\/\/www.instagram.com\/ibchochdruck\/","https:\/\/www.youtube.com\/@ibc-hochdruck","https:\/\/www.tiktok.com\/@ibchochdruck"]}]}},"_links":{"self":[{"href":"https:\/\/www.ibc-hochdruck.de\/en\/wp-json\/wp\/v2\/product\/18229","targetHints":{"allow":["GET"]}}],"collection":[{"href":"https:\/\/www.ibc-hochdruck.de\/en\/wp-json\/wp\/v2\/product"}],"about":[{"href":"https:\/\/www.ibc-hochdruck.de\/en\/wp-json\/wp\/v2\/types\/product"}],"version-history":[{"count":1,"href":"https:\/\/www.ibc-hochdruck.de\/en\/wp-json\/wp\/v2\/product\/18229\/revisions"}],"predecessor-version":[{"id":18230,"href":"https:\/\/www.ibc-hochdruck.de\/en\/wp-json\/wp\/v2\/product\/18229\/revisions\/18230"}],"wp:featuredmedia":[{"embeddable":true,"href":"https:\/\/www.ibc-hochdruck.de\/en\/wp-json\/wp\/v2\/media\/16097"}],"wp:attachment":[{"href":"https:\/\/www.ibc-hochdruck.de\/en\/wp-json\/wp\/v2\/media?parent=18229"}],"wp:term":[{"taxonomy":"product_brand","embeddable":true,"href":"https:\/\/www.ibc-hochdruck.de\/en\/wp-json\/wp\/v2\/product_brand?post=18229"},{"taxonomy":"product_cat","embeddable":true,"href":"https:\/\/www.ibc-hochdruck.de\/en\/wp-json\/wp\/v2\/product_cat?post=18229"},{"taxonomy":"product_tag","embeddable":true,"href":"https:\/\/www.ibc-hochdruck.de\/en\/wp-json\/wp\/v2\/product_tag?post=18229"}],"curies":[{"name":"wp","href":"https:\/\/api.w.org\/{rel}","templated":true}]}}